{"id":1594,"date":"2023-02-23T09:44:18","date_gmt":"2023-02-23T07:44:18","guid":{"rendered":"https:\/\/www.rukaadventures.fi\/winter-programs\/"},"modified":"2023-04-19T09:29:22","modified_gmt":"2023-04-19T06:29:22","slug":"winter","status":"publish","type":"page","link":"https:\/\/www.rukaadventures.fi\/de\/","title":{"rendered":"Winter"},"content":{"rendered":"<h5>Willkommen im<\/h5>\n<h1>Urlaubserlebnis<\/h1>\n<h1>Ihrer Tr\u00e4ume<\/h1>\n<h2>Als vollqualifizierter Safari-Dienstleister vermitteln wir Ihnen unvergessliche Erlebnisse rund um Ruka, egal zu welcher Jahreszeit!<\/h2>\n<ul>\n<li>\n<p>        <img decoding=\"async\" src=\"\/wp-content\/uploads\/2023\/02\/kartingrata.jpg\" alt=\"\"><\/p>\n<h2>Eis-Karting Rennen<\/h2>\n<p>Dauer: 1 Stunde<\/p>\n<div>Warmup, Qualifikation und Rennen.<\/div>\n<p><a href=\"https:\/\/www.rukaadventures.fi\/ice-karting\/\">Buche online<\/a><\/p>\n<\/li>\n<li>\n<p>        <img decoding=\"async\" src=\"\/wp-content\/uploads\/2023\/02\/snowmobilesafari-happy-people.jpg\" alt=\"Aurora_snowmobile\"><\/p>\n<h2>Landschafts-Schneemobilsafari<\/h2>\n<p>Dauer: rund 3 Stunden<\/p>\n<div>Unsere Landschafts-Schneemobilsafaris geh\u00f6ren zu unseren popul\u00e4rsten Safaris und sind auch f\u00fcr Anf\u00e4nger und Familien geeignet.<\/div>\n<p><a href=\"https:\/\/www.rukaadventures.fi\/scenery-safari\/\">Buche online<\/a><\/p>\n<\/li>\n<li>\n<p>        <img decoding=\"async\" src=\"\/wp-content\/uploads\/2023\/02\/smiling-huskies.jpg\" alt=\"\"><\/p>\n<h2>Abenteuer mit Huskies<\/h2>\n<p>Dauer: 2.5 Stunden<\/p>\n<div>Treffen Sie die freundlichen Huskys und erleben eine 10 km lange Schlittenfahrt durch die verschneite Landschaften. <\/div>\n<p><a href=\"https:\/\/www.rukaadventures.fi\/visit-to-husky-farm-and-10-km-ride\/\">Buche online<\/a><\/p>\n<\/li>\n<li>\n<p>        <img decoding=\"async\" src=\"https:\/\/www.rukaadventures.fi\/wp-content\/uploads\/2023\/02\/Aurora_snowmobile-1.jpg\" alt=\"\"><\/p>\n<h2>Nordlicht-Schneemobilsafari<\/h2>\n<p>Dauer: rund 2 Stunden<\/p>\n<div>Unsere Route f\u00fchrt uns durch eine bezaubernde Landschaft und falls Sie ganz viel Gl\u00fcck haben, k\u00f6nnen Sie sogar die Nordlichter bewundern.<\/div>\n<p><a href=\"https:\/\/www.rukaadventures.fi\/starlight-snowmobile-safari\/\">Buche online<\/a><\/p>\n<\/li>\n<li>\n<p>        <img decoding=\"async\" src=\"https:\/\/www.rukaadventures.fi\/wp-content\/uploads\/2023\/02\/Snowmobile-Safari-to-Reindeer.jpg\" alt=\"\"><\/p>\n<h2>Schneemobilsafari zur Rentier<\/h2>\n<p>Dauer: 3 Stunden<\/p>\n<div>Wir bieten Ihnen eine Fahrt am Schneemobil und Schlittenfahrten mit Rentieren.\n<\/div>\n<p><a href=\"https:\/\/www.rukaadventures.fi\/snowmobile-safari-to-reindeer-farm\/\">Buche online<\/a><\/p>\n<\/li>\n<li>\n<p>        <img decoding=\"async\" src=\"https:\/\/www.rukaadventures.fi\/wp-content\/uploads\/2023\/02\/visit-to-reindeer-farm.jpg\" alt=\"Aurora_client\"><\/p>\n<h2>Besuch der Rentierfarm<\/h2>\n<p>Dauer: rund 2 Stunden (inkl. Transfer)<\/p>\n<div>Per Bus bringen wir Sie zur Rentierfarm, wo Sie der Rentierz\u00fcchter und seine Rentiere willkommen hei\u00dfen. Genie\u00dfen Sie eine 300m lange Schlittenfahrt.\n<\/div>\n<p><a href=\"https:\/\/www.rukaadventures.fi\/visit-to-reindeer-farm-and-reindeer-sledge-ride\/\">Buche online<\/a><\/p>\n<\/li>\n<li>\n<p>        <img decoding=\"async\" src=\"https:\/\/www.rukaadventures.fi\/wp-content\/uploads\/2023\/02\/arctic-snowmobilesafari2.jpg\" alt=\"\"><\/p>\n<h2>Schneemobilsafari an die Russische Grenze<\/h2>\n<p>Dauer: rund 6 Stunden<\/p>\n<div>Diese ganzt\u00e4gige Safari f\u00fchrt Sie durch die weite Wildnis bis an die russische Grenze. Geeignet f\u00fcr ge\u00fcbte Fahrer.\n<\/div>\n<p><a href=\"https:\/\/www.rukaadventures.fi\/de\/eastern-border-safari-2\/\">Buche online<\/a><\/p>\n<\/li>\n<li>\n<p>        <img decoding=\"async\" src=\"https:\/\/www.rukaadventures.fi\/wp-content\/uploads\/2023\/02\/snowshoe.jpg\" alt=\"\"><\/p>\n<h2>Schneeschuhwandern im Oulanka Nationalpark<\/h2>\n<p>Dauer: 2 Stunden; Wanderung rund 2km<\/p>\n<div>Seine Schneeschuhwanderung die auch f\u00fcr Familien geeignet ist. Der Oulanka Nationalpark ist bekannt f\u00fcr seine imposante Landschaft und Wasserf\u00e4lle.\n<\/div>\n<p><a href=\"https:\/\/www.rukaadventures.fi\/snowshoeing-trip-to-oulanka-national-park\/\">Buche online<\/a><\/p>\n<\/li>\n<\/ul>\n<p><!--more--><br \/>\n<!-- {\"type\":\"layout\",\"children\":[{\"type\":\"section\",\"props\":{\"header_transparent\":\"light\",\"height\":\"percent\",\"image\":\"https:\\\/\\\/www.rukaadventures.fi\\\/wp-content\\\/uploads\\\/2023\\\/03\\\/huskyretki.jpg\",\"image_position\":\"center-center\",\"image_size\":\"cover\",\"media_overlay\":\"rgba(0, 0, 0, 0.12)\",\"style\":\"default\",\"text_color\":\"light\",\"title_breakpoint\":\"xl\",\"title_position\":\"top-left\",\"title_rotation\":\"left\",\"vertical_align\":\"middle\",\"width\":\"default\"},\"children\":[{\"type\":\"row\",\"children\":[{\"type\":\"column\",\"props\":{\"image_position\":\"center-center\",\"media_overlay_gradient\":\"\",\"position_sticky_breakpoint\":\"m\",\"width_medium\":\"\"},\"children\":[{\"type\":\"headline\",\"props\":{\"content\":\"Willkommen im\",\"margin_remove_bottom\":true,\"text_align\":\"right\",\"text_align_breakpoint\":\"m\",\"text_align_fallback\":\"center\",\"title_element\":\"h5\",\"title_style\":\"h3\"}},{\"type\":\"headline\",\"props\":{\"block_align\":\"right\",\"block_align_breakpoint\":\"m\",\"block_align_fallback\":\"center\",\"content\":\"Urlaubserlebnis\",\"margin_remove_top\":true,\"maxwidth\":\"2xlarge\",\"maxwidth_breakpoint\":\"m\",\"text_align\":\"right\",\"text_align_breakpoint\":\"m\",\"text_align_fallback\":\"center\",\"title_element\":\"h1\",\"title_style\":\"heading-large\"}},{\"type\":\"headline\",\"props\":{\"animation\":\"parallax\",\"block_align\":\"right\",\"block_align_breakpoint\":\"m\",\"block_align_fallback\":\"center\",\"content\":\"Ihrer Tr\\u00e4ume\",\"maxwidth\":\"2xlarge\",\"maxwidth_breakpoint\":\"m\",\"parallax_y\":\"-100,-20\",\"text_align\":\"left\",\"text_align_breakpoint\":\"m\",\"text_align_fallback\":\"center\",\"title_element\":\"h1\",\"title_style\":\"heading-small\"}}]}]}]},{\"type\":\"section\",\"props\":{\"image\":\"https:\\\/\\\/www.rukaadventures.fi\\\/wp-content\\\/uploads\\\/2023\\\/04\\\/revontulet-ruka.jpg\",\"image_effect\":\"fixed\",\"image_loading\":true,\"image_position\":\"center-center\",\"image_size\":\"cover\",\"preserve_color\":true,\"style\":\"secondary\",\"title_breakpoint\":\"xl\",\"title_position\":\"top-left\",\"title_rotation\":\"left\",\"vertical_align\":\"middle\",\"width\":\"default\"},\"children\":[{\"type\":\"row\",\"children\":[{\"type\":\"column\",\"props\":{\"image_position\":\"center-center\",\"media_overlay_gradient\":\"\",\"position_sticky_breakpoint\":\"m\",\"text_color\":\"light\"},\"children\":[{\"type\":\"headline\",\"props\":{\"block_align\":\"center\",\"content\":\"Als vollqualifizierter Safari-Dienstleister vermitteln wir Ihnen unvergessliche Erlebnisse rund um Ruka, egal zu welcher Jahreszeit!\",\"margin\":\"large\",\"maxwidth\":\"xlarge\",\"text_align\":\"center\",\"title_element\":\"h2\",\"title_style\":\"h2\"}}]}]},{\"type\":\"row\",\"children\":[{\"type\":\"column\",\"props\":{\"image_position\":\"center-center\",\"media_overlay_gradient\":\"\",\"position_sticky_breakpoint\":\"m\"},\"children\":[{\"name\":\"program grid uusi\",\"type\":\"grid\",\"children\":[{\"type\":\"grid_item\",\"props\":{\"content\":\"Warmup, Qualifikation und Rennen.\",\"image\":\"wp-content\\\/uploads\\\/2023\\\/02\\\/kartingrata.jpg\",\"image_alt\":\"\",\"link\":\"ice-karting\\\/\",\"meta\":\"Dauer: 1 Stunde\",\"title\":\"Eis-Karting Rennen\"}},{\"type\":\"grid_item\",\"props\":{\"content\":\"Unsere Landschafts-Schneemobilsafaris geh\\u00f6ren zu unseren popul\\u00e4rsten Safaris und sind auch f\\u00fcr Anf\\u00e4nger und Familien geeignet.\",\"image\":\"wp-content\\\/uploads\\\/2023\\\/02\\\/snowmobilesafari-happy-people.jpg\",\"image_alt\":\"Aurora_snowmobile\",\"link\":\"scenery-safari\\\/\",\"meta\":\"Dauer: rund 3 Stunden\",\"title\":\"Landschafts-Schneemobilsafari\"}},{\"type\":\"grid_item\",\"props\":{\"content\":\"Treffen Sie die freundlichen Huskys und erleben eine 10 km lange Schlittenfahrt durch die verschneite Landschaften. \",\"image\":\"wp-content\\\/uploads\\\/2023\\\/02\\\/smiling-huskies.jpg\",\"link\":\"https:\\\/\\\/www.rukaadventures.fi\\\/visit-to-husky-farm-and-10-km-ride\\\/\",\"meta\":\"Dauer: 2.5 Stunden\",\"title\":\"Abenteuer mit Huskies\"}},{\"type\":\"grid_item\",\"props\":{\"content\":\"Unsere Route f\\u00fchrt uns durch eine bezaubernde Landschaft und falls Sie ganz viel Gl\\u00fcck haben, k\\u00f6nnen Sie sogar die Nordlichter bewundern.\",\"image\":\"https:\\\/\\\/www.rukaadventures.fi\\\/wp-content\\\/uploads\\\/2023\\\/02\\\/Aurora_snowmobile-1.jpg\",\"link\":\"https:\\\/\\\/www.rukaadventures.fi\\\/starlight-snowmobile-safari\\\/\",\"meta\":\"Dauer: rund 2 Stunden\",\"title\":\"Nordlicht-Schneemobilsafari\"}},{\"type\":\"grid_item\",\"props\":{\"content\":\"Wir bieten Ihnen eine Fahrt am Schneemobil und Schlittenfahrten mit Rentieren.\\n\",\"image\":\"https:\\\/\\\/www.rukaadventures.fi\\\/wp-content\\\/uploads\\\/2023\\\/02\\\/Snowmobile-Safari-to-Reindeer.jpg\",\"link\":\"https:\\\/\\\/www.rukaadventures.fi\\\/snowmobile-safari-to-reindeer-farm\\\/\",\"meta\":\"Dauer: 3 Stunden\",\"title\":\"Schneemobilsafari zur Rentier\"}},{\"type\":\"grid_item\",\"props\":{\"content\":\"Per Bus bringen wir Sie zur Rentierfarm, wo Sie der Rentierz\\u00fcchter und seine Rentiere willkommen hei\\u00dfen. Genie\\u00dfen Sie eine 300m lange Schlittenfahrt.\\n\",\"image\":\"https:\\\/\\\/www.rukaadventures.fi\\\/wp-content\\\/uploads\\\/2023\\\/02\\\/visit-to-reindeer-farm.jpg\",\"image_alt\":\"Aurora_client\",\"link\":\"https:\\\/\\\/www.rukaadventures.fi\\\/visit-to-reindeer-farm-and-reindeer-sledge-ride\\\/\",\"meta\":\"Dauer: rund 2 Stunden (inkl. Transfer)\",\"title\":\"Besuch der Rentierfarm\"}},{\"type\":\"grid_item\",\"props\":{\"content\":\"Diese ganzt\\u00e4gige Safari f\\u00fchrt Sie durch die weite Wildnis bis an die russische Grenze. Geeignet f\\u00fcr ge\\u00fcbte Fahrer.\\n\",\"image\":\"https:\\\/\\\/www.rukaadventures.fi\\\/wp-content\\\/uploads\\\/2023\\\/02\\\/arctic-snowmobilesafari2.jpg\",\"link\":\"https:\\\/\\\/www.rukaadventures.fi\\\/eastern-border-safari\\\/\",\"meta\":\"Dauer: rund 6 Stunden\",\"title\":\"Schneemobilsafari an die Russische Grenze\"}},{\"type\":\"grid_item\",\"props\":{\"content\":\"Seine Schneeschuhwanderung die auch f\\u00fcr Familien geeignet ist. Der Oulanka Nationalpark ist bekannt f\\u00fcr seine imposante Landschaft und Wasserf\\u00e4lle.\\n\",\"image\":\"https:\\\/\\\/www.rukaadventures.fi\\\/wp-content\\\/uploads\\\/2023\\\/02\\\/snowshoe.jpg\",\"link\":\"https:\\\/\\\/www.rukaadventures.fi\\\/snowshoeing-trip-to-oulanka-national-park\\\/\",\"meta\":\"Dauer: 2 Stunden; Wanderung rund 2km\",\"title\":\"Schneeschuhwandern im Oulanka Nationalpark\"}}],\"props\":{\"content_column_breakpoint\":\"m\",\"content_margin\":\"small\",\"filter_align\":\"left\",\"filter_all\":true,\"filter_grid_breakpoint\":\"m\",\"filter_grid_width\":\"auto\",\"filter_position\":\"top\",\"filter_style\":\"tab\",\"grid_column_align\":true,\"grid_default\":\"1\",\"grid_medium\":\"3\",\"grid_small\":\"2\",\"icon_width\":80,\"image_align\":\"top\",\"image_grid_breakpoint\":\"m\",\"image_grid_width\":\"1-2\",\"image_height\":\"600\",\"image_link\":true,\"image_loading\":true,\"image_svg_color\":\"emphasis\",\"image_width\":\"900\",\"item_animation\":true,\"link_style\":\"text\",\"link_text\":\"Buche online\",\"margin\":\"remove-vertical\",\"meta_align\":\"below-title\",\"meta_element\":\"div\",\"meta_style\":\"text-meta\",\"panel_image_no_padding\":true,\"panel_link\":true,\"panel_padding\":\"default\",\"panel_style\":\"card-default\",\"parallax_easing\":\"1\",\"show_content\":true,\"show_image\":true,\"show_link\":true,\"show_meta\":true,\"show_title\":true,\"title_align\":\"top\",\"title_color\":\"primary\",\"title_element\":\"h2\",\"title_font_family\":\"tertiary\",\"title_grid_breakpoint\":\"m\",\"title_grid_width\":\"1-2\",\"title_hover_style\":\"reset\",\"title_link\":true,\"title_margin\":\"small\",\"title_style\":\"h2\"}}]}]}]}],\"version\":\"3.0.29\"} --><\/p>\n","protected":false},"excerpt":{"rendered":"<p>Willkommen im Urlaubserlebnis Ihrer Tr\u00e4ume Als vollqualifizierter Safari-Dienstleister vermitteln wir Ihnen unvergessliche Erlebnisse rund um Ruka, egal zu welcher Jahreszeit! Eis-Karting Rennen Dauer: 1 Stunde Warmup, Qualifikation und Rennen. Buche online Landschafts-Schneemobilsafari Dauer: rund 3 Stunden Unsere Landschafts-Schneemobilsafaris geh\u00f6ren zu unseren popul\u00e4rsten Safaris und sind auch f\u00fcr Anf\u00e4nger und Familien geeignet. Buche online Abenteuer mit [&hellip;]<\/p>\n","protected":false},"author":1,"featured_media":1179,"parent":0,"menu_order":0,"comment_status":"closed","ping_status":"closed","template":"","meta":{"cybocfi_hide_featured_image":"","footnotes":""},"class_list":["post-1594","page","type-page","status-publish","has-post-thumbnail","hentry"],"yoast_head":"<!-- This site is optimized with the Yoast SEO plugin v27.3 - https:\/\/yoast.com\/product\/yoast-seo-wordpress\/ -->\n<title>Winter - Ruka Adventures<\/title>\n<meta name=\"robots\" content=\"index, follow, max-snippet:-1, max-image-preview:large, max-video-preview:-1\" \/>\n<link rel=\"canonical\" href=\"https:\/\/www.rukaadventures.fi\/de\/\" \/>\n<meta property=\"og:locale\" content=\"de_DE\" \/>\n<meta property=\"og:type\" content=\"article\" \/>\n<meta property=\"og:title\" content=\"Winter - Ruka Adventures\" \/>\n<meta property=\"og:description\" content=\"Willkommen im Urlaubserlebnis Ihrer Tr\u00e4ume Als vollqualifizierter Safari-Dienstleister vermitteln wir Ihnen unvergessliche Erlebnisse rund um Ruka, egal zu welcher Jahreszeit! Eis-Karting Rennen Dauer: 1 Stunde Warmup, Qualifikation und Rennen. Buche online Landschafts-Schneemobilsafari Dauer: rund 3 Stunden Unsere Landschafts-Schneemobilsafaris geh\u00f6ren zu unseren popul\u00e4rsten Safaris und sind auch f\u00fcr Anf\u00e4nger und Familien geeignet. Buche online Abenteuer mit [&hellip;]\" \/>\n<meta property=\"og:url\" content=\"https:\/\/www.rukaadventures.fi\/de\/\" \/>\n<meta property=\"og:site_name\" content=\"Ruka Adventures\" \/>\n<meta property=\"article:publisher\" content=\"http:\/\/www.facebook.com\/rukaadventures\" \/>\n<meta property=\"article:modified_time\" content=\"2023-04-19T06:29:22+00:00\" \/>\n<meta property=\"og:image\" content=\"https:\/\/www.rukaadventures.fi\/wp-content\/uploads\/2023\/02\/huskysafari.jpg\" \/>\n\t<meta property=\"og:image:width\" content=\"2000\" \/>\n\t<meta property=\"og:image:height\" content=\"1333\" \/>\n\t<meta property=\"og:image:type\" content=\"image\/jpeg\" \/>\n<meta name=\"twitter:card\" content=\"summary_large_image\" \/>\n<meta name=\"twitter:label1\" content=\"Gesch\u00e4tzte Lesezeit\" \/>\n\t<meta name=\"twitter:data1\" content=\"4\u00a0Minuten\" \/>\n<script type=\"application\/ld+json\" class=\"yoast-schema-graph\">{\"@context\":\"https:\\\/\\\/schema.org\",\"@graph\":[{\"@type\":\"WebPage\",\"@id\":\"https:\\\/\\\/www.rukaadventures.fi\\\/de\\\/\",\"url\":\"https:\\\/\\\/www.rukaadventures.fi\\\/de\\\/\",\"name\":\"Winter - Ruka Adventures\",\"isPartOf\":{\"@id\":\"https:\\\/\\\/www.rukaadventures.fi\\\/de\\\/#website\"},\"primaryImageOfPage\":{\"@id\":\"https:\\\/\\\/www.rukaadventures.fi\\\/de\\\/#primaryimage\"},\"image\":{\"@id\":\"https:\\\/\\\/www.rukaadventures.fi\\\/de\\\/#primaryimage\"},\"thumbnailUrl\":\"https:\\\/\\\/www.rukaadventures.fi\\\/wp-content\\\/uploads\\\/2023\\\/02\\\/huskysafari.jpg\",\"datePublished\":\"2023-02-23T07:44:18+00:00\",\"dateModified\":\"2023-04-19T06:29:22+00:00\",\"breadcrumb\":{\"@id\":\"https:\\\/\\\/www.rukaadventures.fi\\\/de\\\/#breadcrumb\"},\"inLanguage\":\"de\",\"potentialAction\":[{\"@type\":\"ReadAction\",\"target\":[\"https:\\\/\\\/www.rukaadventures.fi\\\/de\\\/\"]}]},{\"@type\":\"ImageObject\",\"inLanguage\":\"de\",\"@id\":\"https:\\\/\\\/www.rukaadventures.fi\\\/de\\\/#primaryimage\",\"url\":\"https:\\\/\\\/www.rukaadventures.fi\\\/wp-content\\\/uploads\\\/2023\\\/02\\\/huskysafari.jpg\",\"contentUrl\":\"https:\\\/\\\/www.rukaadventures.fi\\\/wp-content\\\/uploads\\\/2023\\\/02\\\/huskysafari.jpg\",\"width\":2000,\"height\":1333},{\"@type\":\"BreadcrumbList\",\"@id\":\"https:\\\/\\\/www.rukaadventures.fi\\\/de\\\/#breadcrumb\",\"itemListElement\":[{\"@type\":\"ListItem\",\"position\":1,\"name\":\"Etusivu\",\"item\":\"https:\\\/\\\/www.rukaadventures.fi\\\/de\\\/winter\\\/\"},{\"@type\":\"ListItem\",\"position\":2,\"name\":\"Winter\"}]},{\"@type\":\"WebSite\",\"@id\":\"https:\\\/\\\/www.rukaadventures.fi\\\/de\\\/#website\",\"url\":\"https:\\\/\\\/www.rukaadventures.fi\\\/de\\\/\",\"name\":\"Ruka Adventures\",\"description\":\"\",\"publisher\":{\"@id\":\"https:\\\/\\\/www.rukaadventures.fi\\\/de\\\/#organization\"},\"alternateName\":\"Welcome to holiday adventure of your dreams\",\"potentialAction\":[{\"@type\":\"SearchAction\",\"target\":{\"@type\":\"EntryPoint\",\"urlTemplate\":\"https:\\\/\\\/www.rukaadventures.fi\\\/de\\\/?s={search_term_string}\"},\"query-input\":{\"@type\":\"PropertyValueSpecification\",\"valueRequired\":true,\"valueName\":\"search_term_string\"}}],\"inLanguage\":\"de\"},{\"@type\":\"Organization\",\"@id\":\"https:\\\/\\\/www.rukaadventures.fi\\\/de\\\/#organization\",\"name\":\"Ruka Adventures\",\"alternateName\":\"Welcome to holiday adventure of your dreams\",\"url\":\"https:\\\/\\\/www.rukaadventures.fi\\\/de\\\/\",\"logo\":{\"@type\":\"ImageObject\",\"inLanguage\":\"de\",\"@id\":\"https:\\\/\\\/www.rukaadventures.fi\\\/de\\\/#\\\/schema\\\/logo\\\/image\\\/\",\"url\":\"https:\\\/\\\/www.rukaadventures.fi\\\/wp-content\\\/uploads\\\/2025\\\/06\\\/ra-logo-nelio.png\",\"contentUrl\":\"https:\\\/\\\/www.rukaadventures.fi\\\/wp-content\\\/uploads\\\/2025\\\/06\\\/ra-logo-nelio.png\",\"width\":500,\"height\":500,\"caption\":\"Ruka Adventures\"},\"image\":{\"@id\":\"https:\\\/\\\/www.rukaadventures.fi\\\/de\\\/#\\\/schema\\\/logo\\\/image\\\/\"},\"sameAs\":[\"http:\\\/\\\/www.facebook.com\\\/rukaadventures\",\"http:\\\/\\\/instagram.com\\\/rukaadventures\",\"https:\\\/\\\/www.tripadvisor.fi\\\/Attraction_Review-g189928-d2225322-Reviews-Ruka_Adventures_Day_Tours-Kuusamo_Northern_Ostrobothnia.html\"]}]}<\/script>\n<!-- \/ Yoast SEO plugin. -->","yoast_head_json":{"title":"Winter - Ruka Adventures","robots":{"index":"index","follow":"follow","max-snippet":"max-snippet:-1","max-image-preview":"max-image-preview:large","max-video-preview":"max-video-preview:-1"},"canonical":"https:\/\/www.rukaadventures.fi\/de\/","og_locale":"de_DE","og_type":"article","og_title":"Winter - Ruka Adventures","og_description":"Willkommen im Urlaubserlebnis Ihrer Tr\u00e4ume Als vollqualifizierter Safari-Dienstleister vermitteln wir Ihnen unvergessliche Erlebnisse rund um Ruka, egal zu welcher Jahreszeit! Eis-Karting Rennen Dauer: 1 Stunde Warmup, Qualifikation und Rennen. Buche online Landschafts-Schneemobilsafari Dauer: rund 3 Stunden Unsere Landschafts-Schneemobilsafaris geh\u00f6ren zu unseren popul\u00e4rsten Safaris und sind auch f\u00fcr Anf\u00e4nger und Familien geeignet. Buche online Abenteuer mit [&hellip;]","og_url":"https:\/\/www.rukaadventures.fi\/de\/","og_site_name":"Ruka Adventures","article_publisher":"http:\/\/www.facebook.com\/rukaadventures","article_modified_time":"2023-04-19T06:29:22+00:00","og_image":[{"width":2000,"height":1333,"url":"https:\/\/www.rukaadventures.fi\/wp-content\/uploads\/2023\/02\/huskysafari.jpg","type":"image\/jpeg"}],"twitter_card":"summary_large_image","twitter_misc":{"Gesch\u00e4tzte Lesezeit":"4\u00a0Minuten"},"schema":{"@context":"https:\/\/schema.org","@graph":[{"@type":"WebPage","@id":"https:\/\/www.rukaadventures.fi\/de\/","url":"https:\/\/www.rukaadventures.fi\/de\/","name":"Winter - Ruka Adventures","isPartOf":{"@id":"https:\/\/www.rukaadventures.fi\/de\/#website"},"primaryImageOfPage":{"@id":"https:\/\/www.rukaadventures.fi\/de\/#primaryimage"},"image":{"@id":"https:\/\/www.rukaadventures.fi\/de\/#primaryimage"},"thumbnailUrl":"https:\/\/www.rukaadventures.fi\/wp-content\/uploads\/2023\/02\/huskysafari.jpg","datePublished":"2023-02-23T07:44:18+00:00","dateModified":"2023-04-19T06:29:22+00:00","breadcrumb":{"@id":"https:\/\/www.rukaadventures.fi\/de\/#breadcrumb"},"inLanguage":"de","potentialAction":[{"@type":"ReadAction","target":["https:\/\/www.rukaadventures.fi\/de\/"]}]},{"@type":"ImageObject","inLanguage":"de","@id":"https:\/\/www.rukaadventures.fi\/de\/#primaryimage","url":"https:\/\/www.rukaadventures.fi\/wp-content\/uploads\/2023\/02\/huskysafari.jpg","contentUrl":"https:\/\/www.rukaadventures.fi\/wp-content\/uploads\/2023\/02\/huskysafari.jpg","width":2000,"height":1333},{"@type":"BreadcrumbList","@id":"https:\/\/www.rukaadventures.fi\/de\/#breadcrumb","itemListElement":[{"@type":"ListItem","position":1,"name":"Etusivu","item":"https:\/\/www.rukaadventures.fi\/de\/winter\/"},{"@type":"ListItem","position":2,"name":"Winter"}]},{"@type":"WebSite","@id":"https:\/\/www.rukaadventures.fi\/de\/#website","url":"https:\/\/www.rukaadventures.fi\/de\/","name":"Ruka Adventures","description":"","publisher":{"@id":"https:\/\/www.rukaadventures.fi\/de\/#organization"},"alternateName":"Welcome to holiday adventure of your dreams","potentialAction":[{"@type":"SearchAction","target":{"@type":"EntryPoint","urlTemplate":"https:\/\/www.rukaadventures.fi\/de\/?s={search_term_string}"},"query-input":{"@type":"PropertyValueSpecification","valueRequired":true,"valueName":"search_term_string"}}],"inLanguage":"de"},{"@type":"Organization","@id":"https:\/\/www.rukaadventures.fi\/de\/#organization","name":"Ruka Adventures","alternateName":"Welcome to holiday adventure of your dreams","url":"https:\/\/www.rukaadventures.fi\/de\/","logo":{"@type":"ImageObject","inLanguage":"de","@id":"https:\/\/www.rukaadventures.fi\/de\/#\/schema\/logo\/image\/","url":"https:\/\/www.rukaadventures.fi\/wp-content\/uploads\/2025\/06\/ra-logo-nelio.png","contentUrl":"https:\/\/www.rukaadventures.fi\/wp-content\/uploads\/2025\/06\/ra-logo-nelio.png","width":500,"height":500,"caption":"Ruka Adventures"},"image":{"@id":"https:\/\/www.rukaadventures.fi\/de\/#\/schema\/logo\/image\/"},"sameAs":["http:\/\/www.facebook.com\/rukaadventures","http:\/\/instagram.com\/rukaadventures","https:\/\/www.tripadvisor.fi\/Attraction_Review-g189928-d2225322-Reviews-Ruka_Adventures_Day_Tours-Kuusamo_Northern_Ostrobothnia.html"]}]}},"_links":{"self":[{"href":"https:\/\/www.rukaadventures.fi\/de\/wp-json\/wp\/v2\/pages\/1594","targetHints":{"allow":["GET"]}}],"collection":[{"href":"https:\/\/www.rukaadventures.fi\/de\/wp-json\/wp\/v2\/pages"}],"about":[{"href":"https:\/\/www.rukaadventures.fi\/de\/wp-json\/wp\/v2\/types\/page"}],"author":[{"embeddable":true,"href":"https:\/\/www.rukaadventures.fi\/de\/wp-json\/wp\/v2\/users\/1"}],"replies":[{"embeddable":true,"href":"https:\/\/www.rukaadventures.fi\/de\/wp-json\/wp\/v2\/comments?post=1594"}],"version-history":[{"count":11,"href":"https:\/\/www.rukaadventures.fi\/de\/wp-json\/wp\/v2\/pages\/1594\/revisions"}],"predecessor-version":[{"id":1616,"href":"https:\/\/www.rukaadventures.fi\/de\/wp-json\/wp\/v2\/pages\/1594\/revisions\/1616"}],"wp:featuredmedia":[{"embeddable":true,"href":"https:\/\/www.rukaadventures.fi\/de\/wp-json\/wp\/v2\/media\/1179"}],"wp:attachment":[{"href":"https:\/\/www.rukaadventures.fi\/de\/wp-json\/wp\/v2\/media?parent=1594"}],"curies":[{"name":"wp","href":"https:\/\/api.w.org\/{rel}","templated":true}]}}