{"id":1621,"date":"2023-02-23T09:44:18","date_gmt":"2023-02-23T07:44:18","guid":{"rendered":"https:\/\/www.rukaadventures.fi\/winter\/"},"modified":"2023-04-19T09:54:17","modified_gmt":"2023-04-19T06:54:17","slug":"programas-de-invierno","status":"publish","type":"page","link":"https:\/\/www.rukaadventures.fi\/es\/","title":{"rendered":"Programas de invierno"},"content":{"rendered":"<h5>BIENVENIDO\u00a0A\u00a0LAS <\/h5>\n<h1>VACACIONES<\/h1>\n<h1>de invierno de tus sue\u00f1os!<\/h1>\n<h2>\u00a1Te ofreceremos inolvidables experiencias en Ruka! Somos una compa\u00f1\u00eda de aventuras y organizadora de viajes.<\/h2>\n<ul>\n<li>\n<p>        <img decoding=\"async\" src=\"\/wp-content\/uploads\/2023\/02\/kartingrata.jpg\" alt=\"\"><\/p>\n<h2>Kartings Sobre Hielo<\/h2>\n<p>Duraci\u00f3n 1 hora<\/p>\n<div>Se realizar\u00e1 una vuelta de calentamiento para conocer la pista, la clasificaci\u00f3n para organizar a los m\u00e1s r\u00e1pidos y una final en la que primero pase por la bandera a cuadros ser\u00e1 el ganador.<\/div>\n<p><a href=\"https:\/\/www.rukaadventures.fi\/ice-karting\/\">RESERVA AQU\u00cd<\/a><\/p>\n<\/li>\n<li>\n<p>        <img decoding=\"async\" src=\"\/wp-content\/uploads\/2023\/02\/snowmobilesafari-happy-people.jpg\" alt=\"Aurora_snowmobile\"><\/p>\n<h2>Safari De Moto De Nieve<\/h2>\n<p> Duraci\u00f3n unas 3 horas<\/p>\n<div>El safari en moto de nieve es la actividad m\u00e1s popular en invierno, se circular\u00e1 por lugares incre\u00edbles, adentr\u00e1ndonos en zonas de bosque y mucha nieve. Es una actividad que se puede disfrutar en familia y siendo principiante. Durante el safari tendremos bebidas calientes\n<\/div>\n<p><a href=\"https:\/\/www.rukaadventures.fi\/scenery-safari\/\">RESERVA AQU\u00cd<\/a><\/p>\n<\/li>\n<li>\n<p>        <img decoding=\"async\" src=\"https:\/\/www.rukaadventures.fi\/wp-content\/uploads\/2023\/02\/Aurora_snowmobile-1.jpg\" alt=\"\"><\/p>\n<h2>Safari en moto de nieve- en b\u00fasqueda de las Auroras Boreales<\/h2>\n<p>Duraci\u00f3n 2 horas<\/p>\n<div>La ruta nocturna recorrer\u00e1 preciosos parajes naturales, alej\u00e1ndonos de toda luz artificial, en donde si tenemos suerte, podremos disfrutar de el espect\u00e1culo de las Auroras Boreales.\n<\/div>\n<p><a href=\"https:\/\/www.rukaadventures.fi\/starlight-snowmobile-safari\/\">RESERVA AQU\u00cd<\/a><\/p>\n<\/li>\n<li>\n<p>        <img decoding=\"async\" src=\"https:\/\/www.rukaadventures.fi\/wp-content\/uploads\/2023\/02\/Snowmobile-Safari-to-Reindeer.jpg\" alt=\"\"><\/p>\n<h2>Safari en motos de nieve hasta los renos<\/h2>\n<p>Duraci\u00f3n 3 horas<\/p>\n<div>Durante esta experiencia en motos de nieve, pueden experimentar la velocidad de la moto de nieve, los renos.\n<\/div>\n<p><a href=\"https:\/\/www.rukaadventures.fi\/snowmobile-safari-to-reindeer-farm\/\">RESERVA AQU\u00cd<\/a><\/p>\n<\/li>\n<li>\n<p>        <img decoding=\"async\" src=\"https:\/\/www.rukaadventures.fi\/wp-content\/uploads\/2023\/02\/visit-to-reindeer-farm.jpg\" alt=\"Aurora_client\"><\/p>\n<h2>Visita a la granja de renos<\/h2>\n<p>Duraci\u00f3n 2 horas con transporte incluido<\/p>\n<div>Transporte en coche hasta la granja de renos. All\u00ed el pastor de los renos nos ense\u00f1ar\u00e1 la vida que llevan estos animales de 4 patas. Podr\u00e1n disfrutar de la experiencia de ser llevados en trineo por un reno en un recorrido de unos 300m.<\/div>\n<p><a href=\"https:\/\/www.rukaadventures.fi\/visit-to-reindeer-farm-and-reindeer-sledge-ride\/\">RESERVA AQU\u00cd<\/a><\/p>\n<\/li>\n<li>\n<p>        <img decoding=\"async\" src=\"https:\/\/www.rukaadventures.fi\/wp-content\/uploads\/2023\/02\/arctic-snowmobilesafari2.jpg\" alt=\"\"><\/p>\n<h2>Safari en moto de nieve hasta la frontera con Rusia<\/h2>\n<p>Duraci\u00f3n 6 horas<\/p>\n<div>Ser\u00e1 un d\u00eda completo lleno de paisajes preciosos, con diferentes caminos y que nos llevar\u00e1n a la frontera con Rusia. Se requiere una experiencia previa en la conducci\u00f3n de motos de nieve<\/div>\n<p><a href=\"https:\/\/www.rukaadventures.fi\/es\/eastern-border-safari-2\/\">RESERVA AQU\u00cd<\/a><\/p>\n<\/li>\n<li>\n<p>        <img decoding=\"async\" src=\"https:\/\/www.rukaadventures.fi\/wp-content\/uploads\/2023\/02\/snowshoe.jpg\" alt=\"\"><\/p>\n<h2>Visita al Parque Nacional Oulanka con raquetas de nieve<\/h2>\n<p>Duraci\u00f3n 2 horas, incluyendo la ense\u00f1anza para caminar con las raquetas de nieve. (2km)<\/p>\n<div>Caminaremos con raquetas de nieve por el Parque Nacional Oulanka, realizando paradas en los sitios m\u00e1s espectaculares de esta ruta como son las cascadas y r\u00e1pidos del r\u00edo Kitka que atraviesa a este Parque Nacional.\n<\/div>\n<p><a href=\"https:\/\/www.rukaadventures.fi\/snowshoeing-trip-to-oulanka-national-park\/\">RESERVA AQU\u00cd<\/a><\/p>\n<\/li>\n<\/ul>\n<p><!--more--><br \/>\n<!-- {\"type\":\"layout\",\"children\":[{\"type\":\"section\",\"props\":{\"header_transparent\":\"light\",\"height\":\"percent\",\"image\":\"https:\\\/\\\/www.rukaadventures.fi\\\/wp-content\\\/uploads\\\/2023\\\/03\\\/huskyretki.jpg\",\"image_position\":\"center-center\",\"image_size\":\"cover\",\"media_overlay\":\"rgba(0, 0, 0, 0.12)\",\"style\":\"default\",\"text_color\":\"light\",\"title_breakpoint\":\"xl\",\"title_position\":\"top-left\",\"title_rotation\":\"left\",\"vertical_align\":\"middle\",\"width\":\"default\"},\"children\":[{\"type\":\"row\",\"children\":[{\"type\":\"column\",\"props\":{\"image_position\":\"center-center\",\"media_overlay_gradient\":\"\",\"position_sticky_breakpoint\":\"m\",\"width_medium\":\"\"},\"children\":[{\"type\":\"headline\",\"props\":{\"content\":\"BIENVENIDO\\u00a0A\\u00a0LAS \",\"margin_remove_bottom\":true,\"text_align\":\"right\",\"text_align_breakpoint\":\"m\",\"text_align_fallback\":\"center\",\"title_element\":\"h5\",\"title_style\":\"h3\"}},{\"type\":\"headline\",\"props\":{\"block_align\":\"right\",\"block_align_breakpoint\":\"m\",\"block_align_fallback\":\"center\",\"content\":\"VACACIONES\",\"margin_remove_top\":true,\"maxwidth\":\"2xlarge\",\"maxwidth_breakpoint\":\"m\",\"text_align\":\"right\",\"text_align_breakpoint\":\"m\",\"text_align_fallback\":\"center\",\"title_element\":\"h1\",\"title_style\":\"heading-large\"}},{\"type\":\"headline\",\"props\":{\"animation\":\"parallax\",\"block_align\":\"right\",\"block_align_breakpoint\":\"m\",\"block_align_fallback\":\"center\",\"content\":\"de invierno de tus sue\\u00f1os!\",\"maxwidth\":\"2xlarge\",\"maxwidth_breakpoint\":\"m\",\"parallax_y\":\"-100,-20\",\"text_align\":\"left\",\"text_align_breakpoint\":\"m\",\"text_align_fallback\":\"center\",\"title_element\":\"h1\",\"title_style\":\"heading-small\"}}]}]}]},{\"type\":\"section\",\"props\":{\"image\":\"https:\\\/\\\/www.rukaadventures.fi\\\/wp-content\\\/uploads\\\/2023\\\/04\\\/revontulet-ruka.jpg\",\"image_effect\":\"fixed\",\"image_loading\":true,\"image_position\":\"center-center\",\"image_size\":\"cover\",\"preserve_color\":true,\"style\":\"secondary\",\"title_breakpoint\":\"xl\",\"title_position\":\"top-left\",\"title_rotation\":\"left\",\"vertical_align\":\"middle\",\"width\":\"default\"},\"children\":[{\"type\":\"row\",\"children\":[{\"type\":\"column\",\"props\":{\"image_position\":\"center-center\",\"media_overlay_gradient\":\"\",\"position_sticky_breakpoint\":\"m\",\"text_color\":\"light\"},\"children\":[{\"type\":\"headline\",\"props\":{\"block_align\":\"center\",\"content\":\"\\u00a1Te ofreceremos inolvidables experiencias en Ruka! Somos una compa\\u00f1\\u00eda de aventuras y organizadora de viajes.\",\"margin\":\"large\",\"maxwidth\":\"xlarge\",\"text_align\":\"center\",\"title_element\":\"h2\",\"title_style\":\"h2\"}}]}]},{\"type\":\"row\",\"children\":[{\"type\":\"column\",\"props\":{\"image_position\":\"center-center\",\"media_overlay_gradient\":\"\",\"position_sticky_breakpoint\":\"m\"},\"children\":[{\"name\":\"program grid uusi\",\"type\":\"grid\",\"children\":[{\"type\":\"grid_item\",\"props\":{\"content\":\"Se realizar\\u00e1 una vuelta de calentamiento para conocer la pista, la clasificaci\\u00f3n para organizar a los m\\u00e1s r\\u00e1pidos y una final en la que primero pase por la bandera a cuadros ser\\u00e1 el ganador.\",\"image\":\"wp-content\\\/uploads\\\/2023\\\/02\\\/kartingrata.jpg\",\"image_alt\":\"\",\"link\":\"ice-karting\\\/\",\"meta\":\"Duraci\\u00f3n 1 hora\",\"title\":\"Kartings Sobre Hielo\"}},{\"type\":\"grid_item\",\"props\":{\"content\":\"El safari en moto de nieve es la actividad m\\u00e1s popular en invierno, se circular\\u00e1 por lugares incre\\u00edbles, adentr\\u00e1ndonos en zonas de bosque y mucha nieve. Es una actividad que se puede disfrutar en familia y siendo principiante. Durante el safari tendremos bebidas calientes\\n\",\"image\":\"wp-content\\\/uploads\\\/2023\\\/02\\\/snowmobilesafari-happy-people.jpg\",\"image_alt\":\"Aurora_snowmobile\",\"link\":\"scenery-safari\\\/\",\"meta\":\" Duraci\\u00f3n unas 3 horas\",\"title\":\"Safari De Moto De Nieve\"}},{\"type\":\"grid_item\",\"props\":{\"content\":\"La ruta nocturna recorrer\\u00e1 preciosos parajes naturales, alej\\u00e1ndonos de toda luz artificial, en donde si tenemos suerte, podremos disfrutar de el espect\\u00e1culo de las Auroras Boreales.\\n\",\"image\":\"https:\\\/\\\/www.rukaadventures.fi\\\/wp-content\\\/uploads\\\/2023\\\/02\\\/Aurora_snowmobile-1.jpg\",\"link\":\"https:\\\/\\\/www.rukaadventures.fi\\\/starlight-snowmobile-safari\\\/\",\"meta\":\"Duraci\\u00f3n 2 horas\",\"title\":\"Safari en moto de nieve- en b\\u00fasqueda de las Auroras Boreales\"}},{\"type\":\"grid_item\",\"props\":{\"content\":\"Durante esta experiencia en motos de nieve, pueden experimentar la velocidad de la moto de nieve, los renos.\\n\",\"image\":\"https:\\\/\\\/www.rukaadventures.fi\\\/wp-content\\\/uploads\\\/2023\\\/02\\\/Snowmobile-Safari-to-Reindeer.jpg\",\"link\":\"https:\\\/\\\/www.rukaadventures.fi\\\/snowmobile-safari-to-reindeer-farm\\\/\",\"meta\":\"Duraci\\u00f3n 3 horas\",\"title\":\"Safari en motos de nieve hasta los renos\"}},{\"type\":\"grid_item\",\"props\":{\"content\":\"Transporte en coche hasta la granja de renos. All\\u00ed el pastor de los renos nos ense\\u00f1ar\\u00e1 la vida que llevan estos animales de 4 patas. Podr\\u00e1n disfrutar de la experiencia de ser llevados en trineo por un reno en un recorrido de unos 300m.\",\"image\":\"https:\\\/\\\/www.rukaadventures.fi\\\/wp-content\\\/uploads\\\/2023\\\/02\\\/visit-to-reindeer-farm.jpg\",\"image_alt\":\"Aurora_client\",\"link\":\"https:\\\/\\\/www.rukaadventures.fi\\\/visit-to-reindeer-farm-and-reindeer-sledge-ride\\\/\",\"meta\":\"Duraci\\u00f3n 2 horas con transporte incluido\",\"title\":\"Visita a la granja de renos\"}},{\"type\":\"grid_item\",\"props\":{\"content\":\"Ser\\u00e1 un d\\u00eda completo lleno de paisajes preciosos, con diferentes caminos y que nos llevar\\u00e1n a la frontera con Rusia. Se requiere una experiencia previa en la conducci\\u00f3n de motos de nieve\",\"image\":\"https:\\\/\\\/www.rukaadventures.fi\\\/wp-content\\\/uploads\\\/2023\\\/02\\\/arctic-snowmobilesafari2.jpg\",\"link\":\"https:\\\/\\\/www.rukaadventures.fi\\\/eastern-border-safari\\\/\",\"meta\":\"Duraci\\u00f3n 6 horas\",\"title\":\"Safari en moto de nieve hasta la frontera con Rusia\"}},{\"type\":\"grid_item\",\"props\":{\"content\":\"Caminaremos con raquetas de nieve por el Parque Nacional Oulanka, realizando paradas en los sitios m\\u00e1s espectaculares de esta ruta como son las cascadas y r\\u00e1pidos del r\\u00edo Kitka que atraviesa a este Parque Nacional.\\n\",\"image\":\"https:\\\/\\\/www.rukaadventures.fi\\\/wp-content\\\/uploads\\\/2023\\\/02\\\/snowshoe.jpg\",\"link\":\"https:\\\/\\\/www.rukaadventures.fi\\\/snowshoeing-trip-to-oulanka-national-park\\\/\",\"meta\":\"Duraci\\u00f3n 2 horas, incluyendo la ense\\u00f1anza para caminar con las raquetas de nieve. (2km)\",\"title\":\"Visita al Parque Nacional Oulanka con raquetas de nieve\"}}],\"props\":{\"content_column_breakpoint\":\"m\",\"content_margin\":\"small\",\"filter_align\":\"left\",\"filter_all\":true,\"filter_grid_breakpoint\":\"m\",\"filter_grid_width\":\"auto\",\"filter_position\":\"top\",\"filter_style\":\"tab\",\"grid_column_align\":true,\"grid_default\":\"1\",\"grid_medium\":\"3\",\"grid_small\":\"2\",\"icon_width\":80,\"image_align\":\"top\",\"image_grid_breakpoint\":\"m\",\"image_grid_width\":\"1-2\",\"image_height\":\"600\",\"image_link\":true,\"image_loading\":true,\"image_svg_color\":\"emphasis\",\"image_width\":\"900\",\"item_animation\":true,\"link_style\":\"text\",\"link_text\":\"RESERVA AQU\\u00cd\",\"margin\":\"remove-vertical\",\"meta_align\":\"below-title\",\"meta_element\":\"div\",\"meta_style\":\"text-meta\",\"panel_image_no_padding\":true,\"panel_link\":true,\"panel_padding\":\"default\",\"panel_style\":\"card-default\",\"parallax_easing\":\"1\",\"show_content\":true,\"show_image\":true,\"show_link\":true,\"show_meta\":true,\"show_title\":true,\"title_align\":\"top\",\"title_color\":\"primary\",\"title_element\":\"h2\",\"title_font_family\":\"tertiary\",\"title_grid_breakpoint\":\"m\",\"title_grid_width\":\"1-2\",\"title_hover_style\":\"reset\",\"title_link\":true,\"title_margin\":\"small\",\"title_style\":\"h2\"}}]}]}]}],\"version\":\"3.0.29\"} --><\/p>\n","protected":false},"excerpt":{"rendered":"<p>BIENVENIDO\u00a0A\u00a0LAS VACACIONES de invierno de tus sue\u00f1os! \u00a1Te ofreceremos inolvidables experiencias en Ruka! Somos una compa\u00f1\u00eda de aventuras y organizadora de viajes. Kartings Sobre Hielo Duraci\u00f3n 1 hora Se realizar\u00e1 una vuelta de calentamiento para conocer la pista, la clasificaci\u00f3n para organizar a los m\u00e1s r\u00e1pidos y una final en la que primero pase por [&hellip;]<\/p>\n","protected":false},"author":1,"featured_media":1180,"parent":0,"menu_order":0,"comment_status":"closed","ping_status":"closed","template":"","meta":{"cybocfi_hide_featured_image":"","footnotes":""},"class_list":["post-1621","page","type-page","status-publish","has-post-thumbnail","hentry"],"yoast_head":"<!-- This site is optimized with the Yoast SEO plugin v27.3 - https:\/\/yoast.com\/product\/yoast-seo-wordpress\/ -->\n<title>Programas de invierno - Ruka Adventures<\/title>\n<meta name=\"robots\" content=\"index, follow, max-snippet:-1, max-image-preview:large, max-video-preview:-1\" \/>\n<link rel=\"canonical\" href=\"https:\/\/www.rukaadventures.fi\/es\/\" \/>\n<meta property=\"og:locale\" content=\"es_ES\" \/>\n<meta property=\"og:type\" content=\"article\" \/>\n<meta property=\"og:title\" content=\"Programas de invierno - Ruka Adventures\" \/>\n<meta property=\"og:description\" content=\"BIENVENIDO\u00a0A\u00a0LAS VACACIONES de invierno de tus sue\u00f1os! \u00a1Te ofreceremos inolvidables experiencias en Ruka! Somos una compa\u00f1\u00eda de aventuras y organizadora de viajes. Kartings Sobre Hielo Duraci\u00f3n 1 hora Se realizar\u00e1 una vuelta de calentamiento para conocer la pista, la clasificaci\u00f3n para organizar a los m\u00e1s r\u00e1pidos y una final en la que primero pase por [&hellip;]\" \/>\n<meta property=\"og:url\" content=\"https:\/\/www.rukaadventures.fi\/es\/\" \/>\n<meta property=\"og:site_name\" content=\"Ruka Adventures\" \/>\n<meta property=\"article:publisher\" content=\"http:\/\/www.facebook.com\/rukaadventures\" \/>\n<meta property=\"article:modified_time\" content=\"2023-04-19T06:54:17+00:00\" \/>\n<meta property=\"og:image\" content=\"https:\/\/www.rukaadventures.fi\/wp-content\/uploads\/2023\/02\/huskysafari.jpg\" \/>\n\t<meta property=\"og:image:width\" content=\"2000\" \/>\n\t<meta property=\"og:image:height\" content=\"1333\" \/>\n\t<meta property=\"og:image:type\" content=\"image\/jpeg\" \/>\n<meta name=\"twitter:card\" content=\"summary_large_image\" \/>\n<meta name=\"twitter:label1\" content=\"Tiempo de lectura\" \/>\n\t<meta name=\"twitter:data1\" content=\"3 minutos\" \/>\n<script type=\"application\/ld+json\" class=\"yoast-schema-graph\">{\"@context\":\"https:\\\/\\\/schema.org\",\"@graph\":[{\"@type\":\"WebPage\",\"@id\":\"https:\\\/\\\/www.rukaadventures.fi\\\/es\\\/\",\"url\":\"https:\\\/\\\/www.rukaadventures.fi\\\/es\\\/\",\"name\":\"Programas de invierno - Ruka Adventures\",\"isPartOf\":{\"@id\":\"https:\\\/\\\/www.rukaadventures.fi\\\/es\\\/#website\"},\"primaryImageOfPage\":{\"@id\":\"https:\\\/\\\/www.rukaadventures.fi\\\/es\\\/#primaryimage\"},\"image\":{\"@id\":\"https:\\\/\\\/www.rukaadventures.fi\\\/es\\\/#primaryimage\"},\"thumbnailUrl\":\"https:\\\/\\\/www.rukaadventures.fi\\\/wp-content\\\/uploads\\\/2023\\\/02\\\/huskysafari.jpg\",\"datePublished\":\"2023-02-23T07:44:18+00:00\",\"dateModified\":\"2023-04-19T06:54:17+00:00\",\"breadcrumb\":{\"@id\":\"https:\\\/\\\/www.rukaadventures.fi\\\/es\\\/#breadcrumb\"},\"inLanguage\":\"es\",\"potentialAction\":[{\"@type\":\"ReadAction\",\"target\":[\"https:\\\/\\\/www.rukaadventures.fi\\\/es\\\/\"]}]},{\"@type\":\"ImageObject\",\"inLanguage\":\"es\",\"@id\":\"https:\\\/\\\/www.rukaadventures.fi\\\/es\\\/#primaryimage\",\"url\":\"https:\\\/\\\/www.rukaadventures.fi\\\/wp-content\\\/uploads\\\/2023\\\/02\\\/huskysafari.jpg\",\"contentUrl\":\"https:\\\/\\\/www.rukaadventures.fi\\\/wp-content\\\/uploads\\\/2023\\\/02\\\/huskysafari.jpg\",\"width\":2000,\"height\":1333},{\"@type\":\"BreadcrumbList\",\"@id\":\"https:\\\/\\\/www.rukaadventures.fi\\\/es\\\/#breadcrumb\",\"itemListElement\":[{\"@type\":\"ListItem\",\"position\":1,\"name\":\"Etusivu\",\"item\":\"https:\\\/\\\/www.rukaadventures.fi\\\/es\\\/programas-de-invierno\\\/\"},{\"@type\":\"ListItem\",\"position\":2,\"name\":\"Programas de invierno\"}]},{\"@type\":\"WebSite\",\"@id\":\"https:\\\/\\\/www.rukaadventures.fi\\\/es\\\/#website\",\"url\":\"https:\\\/\\\/www.rukaadventures.fi\\\/es\\\/\",\"name\":\"Ruka Adventures\",\"description\":\"\",\"publisher\":{\"@id\":\"https:\\\/\\\/www.rukaadventures.fi\\\/es\\\/#organization\"},\"alternateName\":\"Welcome to holiday adventure of your dreams\",\"potentialAction\":[{\"@type\":\"SearchAction\",\"target\":{\"@type\":\"EntryPoint\",\"urlTemplate\":\"https:\\\/\\\/www.rukaadventures.fi\\\/es\\\/?s={search_term_string}\"},\"query-input\":{\"@type\":\"PropertyValueSpecification\",\"valueRequired\":true,\"valueName\":\"search_term_string\"}}],\"inLanguage\":\"es\"},{\"@type\":\"Organization\",\"@id\":\"https:\\\/\\\/www.rukaadventures.fi\\\/es\\\/#organization\",\"name\":\"Ruka Adventures\",\"alternateName\":\"Welcome to holiday adventure of your dreams\",\"url\":\"https:\\\/\\\/www.rukaadventures.fi\\\/es\\\/\",\"logo\":{\"@type\":\"ImageObject\",\"inLanguage\":\"es\",\"@id\":\"https:\\\/\\\/www.rukaadventures.fi\\\/es\\\/#\\\/schema\\\/logo\\\/image\\\/\",\"url\":\"https:\\\/\\\/www.rukaadventures.fi\\\/wp-content\\\/uploads\\\/2025\\\/06\\\/ra-logo-nelio.png\",\"contentUrl\":\"https:\\\/\\\/www.rukaadventures.fi\\\/wp-content\\\/uploads\\\/2025\\\/06\\\/ra-logo-nelio.png\",\"width\":500,\"height\":500,\"caption\":\"Ruka Adventures\"},\"image\":{\"@id\":\"https:\\\/\\\/www.rukaadventures.fi\\\/es\\\/#\\\/schema\\\/logo\\\/image\\\/\"},\"sameAs\":[\"http:\\\/\\\/www.facebook.com\\\/rukaadventures\",\"http:\\\/\\\/instagram.com\\\/rukaadventures\",\"https:\\\/\\\/www.tripadvisor.fi\\\/Attraction_Review-g189928-d2225322-Reviews-Ruka_Adventures_Day_Tours-Kuusamo_Northern_Ostrobothnia.html\"]}]}<\/script>\n<!-- \/ Yoast SEO plugin. -->","yoast_head_json":{"title":"Programas de invierno - Ruka Adventures","robots":{"index":"index","follow":"follow","max-snippet":"max-snippet:-1","max-image-preview":"max-image-preview:large","max-video-preview":"max-video-preview:-1"},"canonical":"https:\/\/www.rukaadventures.fi\/es\/","og_locale":"es_ES","og_type":"article","og_title":"Programas de invierno - Ruka Adventures","og_description":"BIENVENIDO\u00a0A\u00a0LAS VACACIONES de invierno de tus sue\u00f1os! \u00a1Te ofreceremos inolvidables experiencias en Ruka! Somos una compa\u00f1\u00eda de aventuras y organizadora de viajes. Kartings Sobre Hielo Duraci\u00f3n 1 hora Se realizar\u00e1 una vuelta de calentamiento para conocer la pista, la clasificaci\u00f3n para organizar a los m\u00e1s r\u00e1pidos y una final en la que primero pase por [&hellip;]","og_url":"https:\/\/www.rukaadventures.fi\/es\/","og_site_name":"Ruka Adventures","article_publisher":"http:\/\/www.facebook.com\/rukaadventures","article_modified_time":"2023-04-19T06:54:17+00:00","og_image":[{"width":2000,"height":1333,"url":"https:\/\/www.rukaadventures.fi\/wp-content\/uploads\/2023\/02\/huskysafari.jpg","type":"image\/jpeg"}],"twitter_card":"summary_large_image","twitter_misc":{"Tiempo de lectura":"3 minutos"},"schema":{"@context":"https:\/\/schema.org","@graph":[{"@type":"WebPage","@id":"https:\/\/www.rukaadventures.fi\/es\/","url":"https:\/\/www.rukaadventures.fi\/es\/","name":"Programas de invierno - Ruka Adventures","isPartOf":{"@id":"https:\/\/www.rukaadventures.fi\/es\/#website"},"primaryImageOfPage":{"@id":"https:\/\/www.rukaadventures.fi\/es\/#primaryimage"},"image":{"@id":"https:\/\/www.rukaadventures.fi\/es\/#primaryimage"},"thumbnailUrl":"https:\/\/www.rukaadventures.fi\/wp-content\/uploads\/2023\/02\/huskysafari.jpg","datePublished":"2023-02-23T07:44:18+00:00","dateModified":"2023-04-19T06:54:17+00:00","breadcrumb":{"@id":"https:\/\/www.rukaadventures.fi\/es\/#breadcrumb"},"inLanguage":"es","potentialAction":[{"@type":"ReadAction","target":["https:\/\/www.rukaadventures.fi\/es\/"]}]},{"@type":"ImageObject","inLanguage":"es","@id":"https:\/\/www.rukaadventures.fi\/es\/#primaryimage","url":"https:\/\/www.rukaadventures.fi\/wp-content\/uploads\/2023\/02\/huskysafari.jpg","contentUrl":"https:\/\/www.rukaadventures.fi\/wp-content\/uploads\/2023\/02\/huskysafari.jpg","width":2000,"height":1333},{"@type":"BreadcrumbList","@id":"https:\/\/www.rukaadventures.fi\/es\/#breadcrumb","itemListElement":[{"@type":"ListItem","position":1,"name":"Etusivu","item":"https:\/\/www.rukaadventures.fi\/es\/programas-de-invierno\/"},{"@type":"ListItem","position":2,"name":"Programas de invierno"}]},{"@type":"WebSite","@id":"https:\/\/www.rukaadventures.fi\/es\/#website","url":"https:\/\/www.rukaadventures.fi\/es\/","name":"Ruka Adventures","description":"","publisher":{"@id":"https:\/\/www.rukaadventures.fi\/es\/#organization"},"alternateName":"Welcome to holiday adventure of your dreams","potentialAction":[{"@type":"SearchAction","target":{"@type":"EntryPoint","urlTemplate":"https:\/\/www.rukaadventures.fi\/es\/?s={search_term_string}"},"query-input":{"@type":"PropertyValueSpecification","valueRequired":true,"valueName":"search_term_string"}}],"inLanguage":"es"},{"@type":"Organization","@id":"https:\/\/www.rukaadventures.fi\/es\/#organization","name":"Ruka Adventures","alternateName":"Welcome to holiday adventure of your dreams","url":"https:\/\/www.rukaadventures.fi\/es\/","logo":{"@type":"ImageObject","inLanguage":"es","@id":"https:\/\/www.rukaadventures.fi\/es\/#\/schema\/logo\/image\/","url":"https:\/\/www.rukaadventures.fi\/wp-content\/uploads\/2025\/06\/ra-logo-nelio.png","contentUrl":"https:\/\/www.rukaadventures.fi\/wp-content\/uploads\/2025\/06\/ra-logo-nelio.png","width":500,"height":500,"caption":"Ruka Adventures"},"image":{"@id":"https:\/\/www.rukaadventures.fi\/es\/#\/schema\/logo\/image\/"},"sameAs":["http:\/\/www.facebook.com\/rukaadventures","http:\/\/instagram.com\/rukaadventures","https:\/\/www.tripadvisor.fi\/Attraction_Review-g189928-d2225322-Reviews-Ruka_Adventures_Day_Tours-Kuusamo_Northern_Ostrobothnia.html"]}]}},"_links":{"self":[{"href":"https:\/\/www.rukaadventures.fi\/es\/wp-json\/wp\/v2\/pages\/1621","targetHints":{"allow":["GET"]}}],"collection":[{"href":"https:\/\/www.rukaadventures.fi\/es\/wp-json\/wp\/v2\/pages"}],"about":[{"href":"https:\/\/www.rukaadventures.fi\/es\/wp-json\/wp\/v2\/types\/page"}],"author":[{"embeddable":true,"href":"https:\/\/www.rukaadventures.fi\/es\/wp-json\/wp\/v2\/users\/1"}],"replies":[{"embeddable":true,"href":"https:\/\/www.rukaadventures.fi\/es\/wp-json\/wp\/v2\/comments?post=1621"}],"version-history":[{"count":14,"href":"https:\/\/www.rukaadventures.fi\/es\/wp-json\/wp\/v2\/pages\/1621\/revisions"}],"predecessor-version":[{"id":1645,"href":"https:\/\/www.rukaadventures.fi\/es\/wp-json\/wp\/v2\/pages\/1621\/revisions\/1645"}],"wp:featuredmedia":[{"embeddable":true,"href":"https:\/\/www.rukaadventures.fi\/es\/wp-json\/wp\/v2\/media\/1180"}],"wp:attachment":[{"href":"https:\/\/www.rukaadventures.fi\/es\/wp-json\/wp\/v2\/media?parent=1621"}],"curies":[{"name":"wp","href":"https:\/\/api.w.org\/{rel}","templated":true}]}}