{"id":1450,"date":"2023-02-23T09:44:18","date_gmt":"2023-02-23T07:44:18","guid":{"rendered":"https:\/\/www.rukaadventures.fi\/winter-programs\/"},"modified":"2023-10-10T09:06:10","modified_gmt":"2023-10-10T06:06:10","slug":"talviohjelmat","status":"publish","type":"page","link":"https:\/\/www.rukaadventures.fi\/fi\/","title":{"rendered":"Talvi"},"content":{"rendered":"<h1>TALVI<\/h1>\n<h1>OHJELMAT<\/h1>\n<div>\n<p><strong>Ruka Adventures j\u00e4rjest\u00e4\u00e4 talviseikkailuja Rukan ja Kuusamon seudulla perheille ja ryhmille. Ohjelmaamme kuuluu my\u00f6s usean p\u00e4iv\u00e4n moottorikelkkasafareita! Lumi ja talvi kutsuvat sinut seikkailuihin, turvallisesti oppaidemme kanssa!<\/strong><\/p>\n<\/div>\n<p><a href=\"\/fi\/talviohjelmat\/viikko-ohjelma\/\"><img decoding=\"async\" src=\"\/wp-content\/uploads\/2023\/03\/booknow.svg\" alt=\"book now\"><\/a><\/p>\n<ul>\n<li>\n<p>        <img decoding=\"async\" src=\"\/wp-content\/uploads\/2023\/02\/Scenery_snowmobilesafari.jpg\" alt=\"\"><\/p>\n<h2>Talven viikko-ohjelmat<\/h2>\n<p>Varaa online<\/p>\n<div>Maanantaista sunnuntaihin. Moottorikelkkasfarit, Ice karting, revontuliretket, lumikenk\u00e4retket sek\u00e4 porot ja huskyt.<\/div>\n<p><a href=\"\/fi\/talviohjelmat\/viikko-ohjelma\/\"><\/a><\/p>\n<\/li>\n<li>\n<p>        <img decoding=\"async\" src=\"\/wp-content\/uploads\/2023\/02\/kartingrata.jpg\" alt=\"\"><\/p>\n<h2>Ice Karting<\/h2>\n<div>\n<p>Tervetuloa kokeilemaan ajotaitojasi, oppimaan uutta ja nauttimaan vauhdin hurmasta Ice Karting kisassa! Ohjelma sopii esim. perheille, nuorisoryhmille ja ty\u00f6porukoille kunhan vain olet yli 150 cm pitk\u00e4!<\/p>\n<\/div>\n<p><a href=\"\/fi\/ice-karting\/\"><\/a><\/p>\n<\/li>\n<li>\n<p>        <img decoding=\"async\" src=\"\/wp-content\/uploads\/2023\/02\/snowmobilesafari-happy-people.jpg\" alt=\"Aurora_snowmobile\"><\/p>\n<h2>Moottorikelkkasafarit<\/h2>\n<div>Moottorikelkkasafarimme Rukan ja Kuusamon maisemissa soveltuvat erinomaisesti aloittelijoille ja perheille, kokeneemmille kelkkailijoille tarjoamme my\u00f6s pitki\u00e4 ja usean p\u00e4iv\u00e4n safareita!<\/div>\n<p><a href=\"\/fi\/talviohjelmat\/moottorikelkkasafarit\/\"><\/a><\/p>\n<\/li>\n<li>\n<p>        <img decoding=\"async\" src=\"\/wp-content\/uploads\/2023\/02\/Snowmobile-Safari-to-Reindeer.jpg\" alt=\"\"><\/p>\n<h2>Poro- ja huskyohjelmat<\/h2>\n<div>Koe poroajelu aidon poromiehen opastamana tai aja omaa huskyvaljakkoasi tykkymets\u00e4n siimeksess\u00e4, tai miksei molemmat samalla kertaa!<\/div>\n<p><a href=\"\/fi\/talviohjelmat\/poro-husky\/\"><\/a><\/p>\n<\/li>\n<li>\n<p>        <img decoding=\"async\" src=\"\/wp-content\/uploads\/2023\/02\/ra-riverfloating.jpg\" alt=\"\"><\/p>\n<h2>Arktiset el\u00e4mykset<\/h2>\n<div>Ruka-Kuusamon alueen kauniit tunturit, j\u00e4rvet ja joet kutsuvat seikkailuun! Kokeile koskikelluntaa, lumikenk\u00e4retki\u00e4 tai l\u00e4hde kanssamme pilkille!<\/div>\n<p><a href=\"\/fi\/talviohjelmat\/arktiset-elamykset\/\"><\/a><\/p>\n<\/li>\n<li>\n<p>        <img decoding=\"async\" src=\"\/wp-content\/uploads\/2023\/02\/Aurora_client.jpg\" alt=\"Aurora_client\"><\/p>\n<h2>Revontuliohjelmat<\/h2>\n<div>Talven paras hetki seikkailuun voi olla my\u00f6s illalla taivaan h\u00e4m\u00e4rtyess\u00e4! Iltaohjelmamme viev\u00e4t sinut kauas tunturin valoista kokemaan talvisen t\u00e4htitaivaan ihmeit\u00e4.<\/div>\n<p><a href=\"\/fi\/talviohjelmat\/revontuli-ohjelmat\/\"><\/a><\/p>\n<\/li>\n<li>\n<p>        <img decoding=\"async\" src=\"\/wp-content\/uploads\/2023\/02\/Smile-snow.jpg\" alt=\"\"><\/p>\n<h2>Talviohjelmien info<\/h2>\n<div>On hyv\u00e4 tiet\u00e4\u00e4 k\u00e4yt\u00e4nn\u00f6n asioista etuk\u00e4teen, mm. mist\u00e4 safarit l\u00e4htev\u00e4t, kuinka sinun tulee varustautua yms.<\/div>\n<p><a href=\"\/fi\/lisatietoa-ja-varausehdot-talvi\/\"><\/a><\/p>\n<\/li>\n<\/ul>\n<p><!--more--><br \/>\n<!-- {\"type\":\"layout\",\"children\":[{\"type\":\"section\",\"props\":{\"animation\":\"slide-bottom\",\"animation_delay\":\"200\",\"header_transparent\":\"dark\",\"height\":\"percent\",\"image\":\"wp-content\\\/uploads\\\/2023\\\/02\\\/winter-scenery-forest.jpg\",\"image_position\":\"top-center\",\"image_size\":\"cover\",\"media_blend_mode\":\"darken\",\"media_overlay\":\"rgba(255, 255, 255, 0.4)\",\"style\":\"default\",\"text_color\":\"dark\",\"title_breakpoint\":\"xl\",\"title_position\":\"top-left\",\"title_rotation\":\"left\",\"vertical_align\":\"middle\",\"width\":\"default\"},\"children\":[{\"type\":\"row\",\"children\":[{\"type\":\"column\",\"props\":{\"image_position\":\"center-center\",\"position_sticky_breakpoint\":\"m\",\"width_medium\":\"2-3\"},\"children\":[{\"type\":\"headline\",\"props\":{\"block_align\":\"right\",\"block_align_breakpoint\":\"m\",\"block_align_fallback\":\"center\",\"content\":\"TALVI\",\"margin_remove_top\":true,\"maxwidth_breakpoint\":\"m\",\"text_align\":\"left\",\"text_align_breakpoint\":\"m\",\"text_align_fallback\":\"center\",\"title_element\":\"h1\",\"title_style\":\"heading-2xlarge\"}},{\"type\":\"headline\",\"props\":{\"animation\":\"parallax\",\"block_align\":\"right\",\"block_align_breakpoint\":\"m\",\"block_align_fallback\":\"center\",\"content\":\"OHJELMAT\",\"maxwidth_breakpoint\":\"m\",\"parallax_y\":\"-100,-20\",\"text_align\":\"left\",\"text_align_breakpoint\":\"m\",\"text_align_fallback\":\"center\",\"title_element\":\"h1\",\"title_style\":\"heading-small\"}},{\"type\":\"text\",\"props\":{\"block_align_breakpoint\":\"m\",\"block_align_fallback\":\"center\",\"column_breakpoint\":\"m\",\"content\":\"\n\n<p><strong>Ruka Adventures j\\u00e4rjest\\u00e4\\u00e4 talviseikkailuja Rukan ja Kuusamon seudulla perheille ja ryhmille. Ohjelmaamme kuuluu my\\u00f6s usean p\\u00e4iv\\u00e4n moottorikelkkasafareita! Lumi ja talvi kutsuvat sinut seikkailuihin, turvallisesti oppaidemme kanssa!<\\\/strong><\\\/p>\",\"margin\":\"default\",\"maxwidth\":\"2xlarge\"}}]},{\"type\":\"column\",\"props\":{\"image_position\":\"center-center\",\"position_sticky_breakpoint\":\"m\",\"vertical_align\":\"middle\",\"width_medium\":\"1-3\"},\"children\":[{\"type\":\"image\",\"props\":{\"animation\":\"scale-up\",\"image\":\"wp-content\\\/uploads\\\/2023\\\/03\\\/booknow.svg\",\"image_alt\":\"book now\",\"image_svg_color\":\"emphasis\",\"image_width\":\"200\",\"link\":\"fi\\\/talviohjelmat\\\/viikko-ohjelma\\\/\",\"margin\":\"default\",\"text_align\":\"right\",\"text_align_breakpoint\":\"m\",\"text_align_fallback\":\"center\"}}]}],\"props\":{\"layout\":\"2-3,1-3\"}}],\"name\":\"hero\"},{\"type\":\"section\",\"props\":{\"image_position\":\"center-center\",\"style\":\"default\",\"title_breakpoint\":\"xl\",\"title_position\":\"top-left\",\"title_rotation\":\"left\",\"vertical_align\":\"middle\",\"width\":\"default\"},\"children\":[{\"type\":\"row\",\"children\":[{\"type\":\"column\",\"props\":{\"image_position\":\"center-center\",\"position_sticky_breakpoint\":\"m\"},\"children\":[{\"name\":\"program grid\",\"type\":\"grid\",\"children\":[{\"type\":\"grid_item\",\"props\":{\"content\":\"Maanantaista sunnuntaihin. Moottorikelkkasfarit, Ice karting, revontuliretket, lumikenk\\u00e4retket sek\\u00e4 porot ja huskyt.\",\"image\":\"wp-content\\\/uploads\\\/2023\\\/02\\\/Scenery_snowmobilesafari.jpg\",\"link\":\"fi\\\/talviohjelmat\\\/viikko-ohjelma\\\/\",\"meta\":\"Varaa online\",\"title\":\"Talven viikko-ohjelmat\"}},{\"type\":\"grid_item\",\"props\":{\"content\":\"\n\n<p>Tervetuloa kokeilemaan ajotaitojasi, oppimaan uutta ja nauttimaan vauhdin hurmasta Ice Karting kisassa! Ohjelma sopii esim. perheille, nuorisoryhmille ja ty\\u00f6porukoille kunhan vain olet yli 150 cm pitk\\u00e4!<\\\/p>\",\"image\":\"wp-content\\\/uploads\\\/2023\\\/02\\\/kartingrata.jpg\",\"link\":\"fi\\\/ice-karting\\\/\",\"meta\":\"\",\"title\":\"Ice Karting\"}},{\"type\":\"grid_item\",\"props\":{\"content\":\"Moottorikelkkasafarimme Rukan ja Kuusamon maisemissa soveltuvat erinomaisesti aloittelijoille ja perheille, kokeneemmille kelkkailijoille tarjoamme my\\u00f6s pitki\\u00e4 ja usean p\\u00e4iv\\u00e4n safareita!\",\"image\":\"wp-content\\\/uploads\\\/2023\\\/02\\\/snowmobilesafari-happy-people.jpg\",\"image_alt\":\"Aurora_snowmobile\",\"link\":\"fi\\\/talviohjelmat\\\/moottorikelkkasafarit\\\/\",\"meta\":\"\",\"title\":\"Moottorikelkkasafarit\"}},{\"type\":\"grid_item\",\"props\":{\"content\":\"Koe poroajelu aidon poromiehen opastamana tai aja omaa huskyvaljakkoasi tykkymets\\u00e4n siimeksess\\u00e4, tai miksei molemmat samalla kertaa!\",\"image\":\"wp-content\\\/uploads\\\/2023\\\/02\\\/Snowmobile-Safari-to-Reindeer.jpg\",\"link\":\"fi\\\/talviohjelmat\\\/poro-husky\\\/\",\"meta\":\"\",\"title\":\"Poro- ja huskyohjelmat\"}},{\"type\":\"grid_item\",\"props\":{\"content\":\"Ruka-Kuusamon alueen kauniit tunturit, j\\u00e4rvet ja joet kutsuvat seikkailuun! Kokeile koskikelluntaa, lumikenk\\u00e4retki\\u00e4 tai l\\u00e4hde kanssamme pilkille!\",\"image\":\"wp-content\\\/uploads\\\/2023\\\/02\\\/ra-riverfloating.jpg\",\"link\":\"fi\\\/talviohjelmat\\\/arktiset-elamykset\\\/\",\"meta\":\"\",\"title\":\"Arktiset el\\u00e4mykset\"}},{\"type\":\"grid_item\",\"props\":{\"content\":\"Talven paras hetki seikkailuun voi olla my\\u00f6s illalla taivaan h\\u00e4m\\u00e4rtyess\\u00e4! Iltaohjelmamme viev\\u00e4t sinut kauas tunturin valoista kokemaan talvisen t\\u00e4htitaivaan ihmeit\\u00e4.\",\"image\":\"wp-content\\\/uploads\\\/2023\\\/02\\\/Aurora_client.jpg\",\"image_alt\":\"Aurora_client\",\"link\":\"fi\\\/talviohjelmat\\\/revontuli-ohjelmat\\\/\",\"meta\":\"\",\"title\":\"Revontuliohjelmat\"}},{\"type\":\"grid_item\",\"props\":{\"content\":\"On hyv\\u00e4 tiet\\u00e4\\u00e4 k\\u00e4yt\\u00e4nn\\u00f6n asioista etuk\\u00e4teen, mm. mist\\u00e4 safarit l\\u00e4htev\\u00e4t, kuinka sinun tulee varustautua yms.\",\"image\":\"wp-content\\\/uploads\\\/2023\\\/02\\\/Smile-snow.jpg\",\"link\":\"fi\\\/lisatietoa-ja-varausehdot-talvi\\\/\",\"meta\":\"\",\"title\":\"Talviohjelmien info\"}}],\"props\":{\"content_column_breakpoint\":\"m\",\"content_margin\":\"small\",\"filter_align\":\"left\",\"filter_all\":true,\"filter_grid_breakpoint\":\"m\",\"filter_grid_width\":\"auto\",\"filter_position\":\"top\",\"filter_style\":\"tab\",\"grid_column_align\":true,\"grid_default\":\"1\",\"grid_medium\":\"3\",\"grid_small\":\"2\",\"icon_width\":80,\"image_align\":\"top\",\"image_grid_breakpoint\":\"m\",\"image_grid_width\":\"1-2\",\"image_height\":\"600\",\"image_link\":true,\"image_loading\":true,\"image_svg_color\":\"emphasis\",\"image_width\":\"900\",\"item_animation\":true,\"link_style\":\"text\",\"link_text\":\"\",\"margin\":\"remove-vertical\",\"meta_align\":\"below-title\",\"meta_element\":\"div\",\"meta_style\":\"text-meta\",\"panel_image_no_padding\":true,\"panel_link\":true,\"panel_padding\":\"default\",\"panel_style\":\"card-default\",\"parallax_easing\":\"1\",\"show_content\":true,\"show_image\":true,\"show_link\":true,\"show_meta\":true,\"show_title\":true,\"title_align\":\"top\",\"title_color\":\"primary\",\"title_element\":\"h2\",\"title_font_family\":\"tertiary\",\"title_grid_breakpoint\":\"m\",\"title_grid_width\":\"1-2\",\"title_hover_style\":\"reset\",\"title_link\":true,\"title_margin\":\"small\",\"title_style\":\"h2\"}}]}]}]}],\"version\":\"4.1.1\"} --><\/p>\n","protected":false},"excerpt":{"rendered":"<p>TALVI OHJELMAT Ruka Adventures j\u00e4rjest\u00e4\u00e4 talviseikkailuja Rukan ja Kuusamon seudulla perheille ja ryhmille. Ohjelmaamme kuuluu my\u00f6s usean p\u00e4iv\u00e4n moottorikelkkasafareita! Lumi ja talvi kutsuvat sinut seikkailuihin, turvallisesti oppaidemme kanssa! Talven viikko-ohjelmat Varaa online Maanantaista sunnuntaihin. Moottorikelkkasfarit, Ice karting, revontuliretket, lumikenk\u00e4retket sek\u00e4 porot ja huskyt. Ice Karting Tervetuloa kokeilemaan ajotaitojasi, oppimaan uutta ja nauttimaan vauhdin hurmasta Ice [&hellip;]<\/p>\n","protected":false},"author":1,"featured_media":266,"parent":0,"menu_order":0,"comment_status":"closed","ping_status":"closed","template":"","meta":{"cybocfi_hide_featured_image":"","footnotes":""},"class_list":["post-1450","page","type-page","status-publish","has-post-thumbnail","hentry"],"yoast_head":"<!-- This site is optimized with the Yoast SEO plugin v27.4 - https:\/\/yoast.com\/product\/yoast-seo-wordpress\/ -->\n<title>Talvi - Ruka Adventures<\/title>\n<meta name=\"robots\" content=\"index, follow, max-snippet:-1, max-image-preview:large, max-video-preview:-1\" \/>\n<link rel=\"canonical\" href=\"https:\/\/www.rukaadventures.fi\/fi\/\" \/>\n<meta property=\"og:locale\" content=\"fi_FI\" \/>\n<meta property=\"og:type\" content=\"article\" \/>\n<meta property=\"og:title\" content=\"Talvi - Ruka Adventures\" \/>\n<meta property=\"og:description\" content=\"TALVI OHJELMAT Ruka Adventures j\u00e4rjest\u00e4\u00e4 talviseikkailuja Rukan ja Kuusamon seudulla perheille ja ryhmille. Ohjelmaamme kuuluu my\u00f6s usean p\u00e4iv\u00e4n moottorikelkkasafareita! Lumi ja talvi kutsuvat sinut seikkailuihin, turvallisesti oppaidemme kanssa! Talven viikko-ohjelmat Varaa online Maanantaista sunnuntaihin. Moottorikelkkasfarit, Ice karting, revontuliretket, lumikenk\u00e4retket sek\u00e4 porot ja huskyt. Ice Karting Tervetuloa kokeilemaan ajotaitojasi, oppimaan uutta ja nauttimaan vauhdin hurmasta Ice [&hellip;]\" \/>\n<meta property=\"og:url\" content=\"https:\/\/www.rukaadventures.fi\/fi\/\" \/>\n<meta property=\"og:site_name\" content=\"Ruka Adventures\" \/>\n<meta property=\"article:publisher\" content=\"http:\/\/www.facebook.com\/rukaadventures\" \/>\n<meta property=\"article:modified_time\" content=\"2023-10-10T06:06:10+00:00\" \/>\n<meta property=\"og:image\" content=\"https:\/\/www.rukaadventures.fi\/wp-content\/uploads\/2023\/02\/huskysafari.jpg\" \/>\n\t<meta property=\"og:image:width\" content=\"2000\" \/>\n\t<meta property=\"og:image:height\" content=\"1333\" \/>\n\t<meta property=\"og:image:type\" content=\"image\/jpeg\" \/>\n<meta name=\"twitter:card\" content=\"summary_large_image\" \/>\n<meta name=\"twitter:label1\" content=\"Arvioitu lukuaika\" \/>\n\t<meta name=\"twitter:data1\" content=\"4 minuuttia\" \/>\n<script type=\"application\/ld+json\" class=\"yoast-schema-graph\">{\"@context\":\"https:\\\/\\\/schema.org\",\"@graph\":[{\"@type\":\"WebPage\",\"@id\":\"https:\\\/\\\/www.rukaadventures.fi\\\/fi\\\/\",\"url\":\"https:\\\/\\\/www.rukaadventures.fi\\\/fi\\\/\",\"name\":\"Talvi - Ruka Adventures\",\"isPartOf\":{\"@id\":\"https:\\\/\\\/www.rukaadventures.fi\\\/fi\\\/#website\"},\"primaryImageOfPage\":{\"@id\":\"https:\\\/\\\/www.rukaadventures.fi\\\/fi\\\/#primaryimage\"},\"image\":{\"@id\":\"https:\\\/\\\/www.rukaadventures.fi\\\/fi\\\/#primaryimage\"},\"thumbnailUrl\":\"https:\\\/\\\/www.rukaadventures.fi\\\/wp-content\\\/uploads\\\/2023\\\/02\\\/huskysafari.jpg\",\"datePublished\":\"2023-02-23T07:44:18+00:00\",\"dateModified\":\"2023-10-10T06:06:10+00:00\",\"breadcrumb\":{\"@id\":\"https:\\\/\\\/www.rukaadventures.fi\\\/fi\\\/#breadcrumb\"},\"inLanguage\":\"fi\",\"potentialAction\":[{\"@type\":\"ReadAction\",\"target\":[\"https:\\\/\\\/www.rukaadventures.fi\\\/fi\\\/\"]}]},{\"@type\":\"ImageObject\",\"inLanguage\":\"fi\",\"@id\":\"https:\\\/\\\/www.rukaadventures.fi\\\/fi\\\/#primaryimage\",\"url\":\"https:\\\/\\\/www.rukaadventures.fi\\\/wp-content\\\/uploads\\\/2023\\\/02\\\/huskysafari.jpg\",\"contentUrl\":\"https:\\\/\\\/www.rukaadventures.fi\\\/wp-content\\\/uploads\\\/2023\\\/02\\\/huskysafari.jpg\",\"width\":2000,\"height\":1333},{\"@type\":\"BreadcrumbList\",\"@id\":\"https:\\\/\\\/www.rukaadventures.fi\\\/fi\\\/#breadcrumb\",\"itemListElement\":[{\"@type\":\"ListItem\",\"position\":1,\"name\":\"Etusivu\",\"item\":\"https:\\\/\\\/www.rukaadventures.fi\\\/fi\\\/talviohjelmat\\\/\"},{\"@type\":\"ListItem\",\"position\":2,\"name\":\"Talvi\"}]},{\"@type\":\"WebSite\",\"@id\":\"https:\\\/\\\/www.rukaadventures.fi\\\/fi\\\/#website\",\"url\":\"https:\\\/\\\/www.rukaadventures.fi\\\/fi\\\/\",\"name\":\"Ruka Adventures\",\"description\":\"\",\"publisher\":{\"@id\":\"https:\\\/\\\/www.rukaadventures.fi\\\/fi\\\/#organization\"},\"alternateName\":\"Welcome to holiday adventure of your dreams\",\"potentialAction\":[{\"@type\":\"SearchAction\",\"target\":{\"@type\":\"EntryPoint\",\"urlTemplate\":\"https:\\\/\\\/www.rukaadventures.fi\\\/fi\\\/?s={search_term_string}\"},\"query-input\":{\"@type\":\"PropertyValueSpecification\",\"valueRequired\":true,\"valueName\":\"search_term_string\"}}],\"inLanguage\":\"fi\"},{\"@type\":\"Organization\",\"@id\":\"https:\\\/\\\/www.rukaadventures.fi\\\/fi\\\/#organization\",\"name\":\"Ruka Adventures\",\"alternateName\":\"Welcome to holiday adventure of your dreams\",\"url\":\"https:\\\/\\\/www.rukaadventures.fi\\\/fi\\\/\",\"logo\":{\"@type\":\"ImageObject\",\"inLanguage\":\"fi\",\"@id\":\"https:\\\/\\\/www.rukaadventures.fi\\\/fi\\\/#\\\/schema\\\/logo\\\/image\\\/\",\"url\":\"https:\\\/\\\/www.rukaadventures.fi\\\/wp-content\\\/uploads\\\/2025\\\/06\\\/ra-logo-nelio.png\",\"contentUrl\":\"https:\\\/\\\/www.rukaadventures.fi\\\/wp-content\\\/uploads\\\/2025\\\/06\\\/ra-logo-nelio.png\",\"width\":500,\"height\":500,\"caption\":\"Ruka Adventures\"},\"image\":{\"@id\":\"https:\\\/\\\/www.rukaadventures.fi\\\/fi\\\/#\\\/schema\\\/logo\\\/image\\\/\"},\"sameAs\":[\"http:\\\/\\\/www.facebook.com\\\/rukaadventures\",\"http:\\\/\\\/instagram.com\\\/rukaadventures\",\"https:\\\/\\\/www.tripadvisor.fi\\\/Attraction_Review-g189928-d2225322-Reviews-Ruka_Adventures_Day_Tours-Kuusamo_Northern_Ostrobothnia.html\"]}]}<\/script>\n<!-- \/ Yoast SEO plugin. -->","yoast_head_json":{"title":"Talvi - Ruka Adventures","robots":{"index":"index","follow":"follow","max-snippet":"max-snippet:-1","max-image-preview":"max-image-preview:large","max-video-preview":"max-video-preview:-1"},"canonical":"https:\/\/www.rukaadventures.fi\/fi\/","og_locale":"fi_FI","og_type":"article","og_title":"Talvi - Ruka Adventures","og_description":"TALVI OHJELMAT Ruka Adventures j\u00e4rjest\u00e4\u00e4 talviseikkailuja Rukan ja Kuusamon seudulla perheille ja ryhmille. Ohjelmaamme kuuluu my\u00f6s usean p\u00e4iv\u00e4n moottorikelkkasafareita! Lumi ja talvi kutsuvat sinut seikkailuihin, turvallisesti oppaidemme kanssa! Talven viikko-ohjelmat Varaa online Maanantaista sunnuntaihin. Moottorikelkkasfarit, Ice karting, revontuliretket, lumikenk\u00e4retket sek\u00e4 porot ja huskyt. Ice Karting Tervetuloa kokeilemaan ajotaitojasi, oppimaan uutta ja nauttimaan vauhdin hurmasta Ice [&hellip;]","og_url":"https:\/\/www.rukaadventures.fi\/fi\/","og_site_name":"Ruka Adventures","article_publisher":"http:\/\/www.facebook.com\/rukaadventures","article_modified_time":"2023-10-10T06:06:10+00:00","og_image":[{"width":2000,"height":1333,"url":"https:\/\/www.rukaadventures.fi\/wp-content\/uploads\/2023\/02\/huskysafari.jpg","type":"image\/jpeg"}],"twitter_card":"summary_large_image","twitter_misc":{"Arvioitu lukuaika":"4 minuuttia"},"schema":{"@context":"https:\/\/schema.org","@graph":[{"@type":"WebPage","@id":"https:\/\/www.rukaadventures.fi\/fi\/","url":"https:\/\/www.rukaadventures.fi\/fi\/","name":"Talvi - Ruka Adventures","isPartOf":{"@id":"https:\/\/www.rukaadventures.fi\/fi\/#website"},"primaryImageOfPage":{"@id":"https:\/\/www.rukaadventures.fi\/fi\/#primaryimage"},"image":{"@id":"https:\/\/www.rukaadventures.fi\/fi\/#primaryimage"},"thumbnailUrl":"https:\/\/www.rukaadventures.fi\/wp-content\/uploads\/2023\/02\/huskysafari.jpg","datePublished":"2023-02-23T07:44:18+00:00","dateModified":"2023-10-10T06:06:10+00:00","breadcrumb":{"@id":"https:\/\/www.rukaadventures.fi\/fi\/#breadcrumb"},"inLanguage":"fi","potentialAction":[{"@type":"ReadAction","target":["https:\/\/www.rukaadventures.fi\/fi\/"]}]},{"@type":"ImageObject","inLanguage":"fi","@id":"https:\/\/www.rukaadventures.fi\/fi\/#primaryimage","url":"https:\/\/www.rukaadventures.fi\/wp-content\/uploads\/2023\/02\/huskysafari.jpg","contentUrl":"https:\/\/www.rukaadventures.fi\/wp-content\/uploads\/2023\/02\/huskysafari.jpg","width":2000,"height":1333},{"@type":"BreadcrumbList","@id":"https:\/\/www.rukaadventures.fi\/fi\/#breadcrumb","itemListElement":[{"@type":"ListItem","position":1,"name":"Etusivu","item":"https:\/\/www.rukaadventures.fi\/fi\/talviohjelmat\/"},{"@type":"ListItem","position":2,"name":"Talvi"}]},{"@type":"WebSite","@id":"https:\/\/www.rukaadventures.fi\/fi\/#website","url":"https:\/\/www.rukaadventures.fi\/fi\/","name":"Ruka Adventures","description":"","publisher":{"@id":"https:\/\/www.rukaadventures.fi\/fi\/#organization"},"alternateName":"Welcome to holiday adventure of your dreams","potentialAction":[{"@type":"SearchAction","target":{"@type":"EntryPoint","urlTemplate":"https:\/\/www.rukaadventures.fi\/fi\/?s={search_term_string}"},"query-input":{"@type":"PropertyValueSpecification","valueRequired":true,"valueName":"search_term_string"}}],"inLanguage":"fi"},{"@type":"Organization","@id":"https:\/\/www.rukaadventures.fi\/fi\/#organization","name":"Ruka Adventures","alternateName":"Welcome to holiday adventure of your dreams","url":"https:\/\/www.rukaadventures.fi\/fi\/","logo":{"@type":"ImageObject","inLanguage":"fi","@id":"https:\/\/www.rukaadventures.fi\/fi\/#\/schema\/logo\/image\/","url":"https:\/\/www.rukaadventures.fi\/wp-content\/uploads\/2025\/06\/ra-logo-nelio.png","contentUrl":"https:\/\/www.rukaadventures.fi\/wp-content\/uploads\/2025\/06\/ra-logo-nelio.png","width":500,"height":500,"caption":"Ruka Adventures"},"image":{"@id":"https:\/\/www.rukaadventures.fi\/fi\/#\/schema\/logo\/image\/"},"sameAs":["http:\/\/www.facebook.com\/rukaadventures","http:\/\/instagram.com\/rukaadventures","https:\/\/www.tripadvisor.fi\/Attraction_Review-g189928-d2225322-Reviews-Ruka_Adventures_Day_Tours-Kuusamo_Northern_Ostrobothnia.html"]}]}},"_links":{"self":[{"href":"https:\/\/www.rukaadventures.fi\/fi\/wp-json\/wp\/v2\/pages\/1450","targetHints":{"allow":["GET"]}}],"collection":[{"href":"https:\/\/www.rukaadventures.fi\/fi\/wp-json\/wp\/v2\/pages"}],"about":[{"href":"https:\/\/www.rukaadventures.fi\/fi\/wp-json\/wp\/v2\/types\/page"}],"author":[{"embeddable":true,"href":"https:\/\/www.rukaadventures.fi\/fi\/wp-json\/wp\/v2\/users\/1"}],"replies":[{"embeddable":true,"href":"https:\/\/www.rukaadventures.fi\/fi\/wp-json\/wp\/v2\/comments?post=1450"}],"version-history":[{"count":18,"href":"https:\/\/www.rukaadventures.fi\/fi\/wp-json\/wp\/v2\/pages\/1450\/revisions"}],"predecessor-version":[{"id":2152,"href":"https:\/\/www.rukaadventures.fi\/fi\/wp-json\/wp\/v2\/pages\/1450\/revisions\/2152"}],"wp:featuredmedia":[{"embeddable":true,"href":"https:\/\/www.rukaadventures.fi\/fi\/wp-json\/wp\/v2\/media\/266"}],"wp:attachment":[{"href":"https:\/\/www.rukaadventures.fi\/fi\/wp-json\/wp\/v2\/media?parent=1450"}],"curies":[{"name":"wp","href":"https:\/\/api.w.org\/{rel}","templated":true}]}}