{"id":1561,"date":"2023-02-23T09:44:18","date_gmt":"2023-02-23T07:44:18","guid":{"rendered":"https:\/\/www.rukaadventures.fi\/winter-programs\/"},"modified":"2023-04-19T09:20:40","modified_gmt":"2023-04-19T06:20:40","slug":"services-du-programme-dhiver","status":"publish","type":"page","link":"https:\/\/www.rukaadventures.fi\/fr\/","title":{"rendered":"Services du programme d&rsquo;hiver"},"content":{"rendered":"<h5>BIENVENUE<\/h5>\n<h1>POUR VOS <\/h1>\n<h1>VACANCES DE R\u00caVE!<\/h1>\n<h2>A Ruka Adventures, nous vous accompagnons pour une inoubliable exp\u00e9rience \u00e0 Ruka toute l\u2019ann\u00e9e.<\/h2>\n<ul>\n<li>\n<p>        <img decoding=\"async\" src=\"\/wp-content\/uploads\/2023\/02\/kartingrata.jpg\" alt=\"\"><\/p>\n<h2>Course de Karting sur glace<\/h2>\n<p>Dur\u00e9e : 1 Heure<\/p>\n<div>Il y aura un tour de chauffe, des qualifications et une grande finale<\/div>\n<p><a href=\"https:\/\/www.rukaadventures.fi\/ice-karting\/\">R\u00c9SERVEZ ICI<\/a><\/p>\n<\/li>\n<li>\n<p>        <img decoding=\"async\" src=\"\/wp-content\/uploads\/2023\/02\/snowmobilesafari-happy-people.jpg\" alt=\"Aurora_snowmobile\"><\/p>\n<h2>Safari Motoneige \u2013 Paysages De Laponie<\/h2>\n<p>Dur\u00e9e environ 3 Heures<\/p>\n<div>Le safari \u2013 Paysages de Laponie est un de nos plus populaire et parfait pour les familles et les d\u00e9butants.<\/div>\n<p><a href=\"https:\/\/www.rukaadventures.fi\/scenery-safari\/\">R\u00c9SERVEZ ICI<\/a><\/p>\n<\/li>\n<li>\n<p>        <img decoding=\"async\" src=\"\/wp-content\/uploads\/2023\/02\/smiling-huskies.jpg\" alt=\"\"><\/p>\n<h2>Aventure Au Avec Les Chiens De Traineaux<\/h2>\n<p>Duree environ 2,5 heures<\/p>\n<div>Le plaisir d\u2019un parcours de 10km avec les chiens de traineaux<\/div>\n<p><a href=\"https:\/\/www.rukaadventures.fi\/visit-to-husky-farm-and-10-km-ride\/\">R\u00c9SERVEZ ICI<\/a><\/p>\n<\/li>\n<li>\n<p>        <img decoding=\"async\" src=\"https:\/\/www.rukaadventures.fi\/wp-content\/uploads\/2023\/02\/Aurora_snowmobile-1.jpg\" alt=\"\"><\/p>\n<h2>Safari Motoneige \u2013 A La Recherche Des Aurores Bor\u00e9ales<\/h2>\n<p>Dur\u00e9e environ 2 Heures<\/p>\n<div>La route traverse des paysages magnifiques. Si vous \u00eates chanceux pour pourrez voir des aurores bor\u00e9ales.\n<\/div>\n<p><a href=\"https:\/\/www.rukaadventures.fi\/winter-programs\/reindeer-husky-programs\/\">R\u00c9SERVEZ ICI<\/a><\/p>\n<\/li>\n<li>\n<p>        <img decoding=\"async\" src=\"\/wp-content\/uploads\/2023\/02\/Snowmobile-Safari-to-Reindeer.jpg\" alt=\"\"><\/p>\n<h2>Safari Motoneige Vers La Ferme  Des Rennes<\/h2>\n<p>Dur\u00e9e 3h<\/p>\n<div>Durant ce safari vous appr\u00e9cierez les sensations combin\u00e9es de la motoneige, des chiens de traineaux et des rennes<\/div>\n<p><a href=\"https:\/\/www.rukaadventures.fi\/snowmobile-safari-to-reindeer-farm\/\">R\u00c9SERVEZ ICI<\/a><\/p>\n<\/li>\n<li>\n<p>        <img decoding=\"async\" src=\"https:\/\/www.rukaadventures.fi\/wp-content\/uploads\/2023\/02\/visit-to-reindeer-farm.jpg\" alt=\"Aurora_client\"><\/p>\n<h2>Visite \u00c0 La Ferme Des Rennes<\/h2>\n<p>Dur\u00e9e environ 2h avec le transport<\/p>\n<div>Transfert en voiture vers la ferme des rennes, vous serez accueillis par l\u2019\u00e9leveur et ses rennes. Vous appr\u00e9cierez une boucle d\u2019environ 300m dans un traineau tir\u00e9 par les rennes\n<\/div>\n<p><a href=\"https:\/\/www.rukaadventures.fi\/visit-to-reindeer-farm-and-reindeer-sledge-ride\/\">R\u00c9SERVEZ ICI<\/a><\/p>\n<\/li>\n<li>\n<p>        <img decoding=\"async\" src=\"https:\/\/www.rukaadventures.fi\/wp-content\/uploads\/2023\/02\/arctic-snowmobilesafari2.jpg\" alt=\"\"><\/p>\n<h2>Safari Motoneige \u2013 Vers La Fronti\u00e8re Russe<\/h2>\n<p>Dur\u00e9e environ 6 Heures<\/p>\n<div>Ce safari \u00e0 la journ\u00e9e vous am\u00e8ne dans les vastes espaces vers la fronti\u00e8re Russe.Il convient pour les conducteurs avec de l\u2019exp\u00e9rience de la conduite des motoneiges\n<\/div>\n<p><a href=\"https:\/\/www.rukaadventures.fi\/fr\/eastern-border-safari-2\/\">R\u00c9SERVEZ ICI<\/a><\/p>\n<\/li>\n<li>\n<p>        <img decoding=\"async\" src=\"https:\/\/www.rukaadventures.fi\/wp-content\/uploads\/2023\/02\/snowshoe.jpg\" alt=\"\"><\/p>\n<h2>Balade En Raquettes Dans Le Parc National D\u2019oulanka<\/h2>\n<p>Dur\u00e9e 2 Heures \u2013 marche en raquettes d\u2019environ 2 km<\/p>\n<div>Balade en raquettes adapt\u00e9e aux familles. Le parc national d\u2019Oulanka est connu pour ses paysages impressionnants et ses cascades..\n<\/div>\n<p><a href=\"https:\/\/www.rukaadventures.fi\/snowshoeing-trip-to-oulanka-national-park\/\">R\u00c9SERVEZ ICI<\/a><\/p>\n<\/li>\n<\/ul>\n<p><!--more--><br \/>\n<!-- {\"type\":\"layout\",\"children\":[{\"type\":\"section\",\"props\":{\"header_transparent\":\"light\",\"height\":\"percent\",\"image\":\"https:\\\/\\\/www.rukaadventures.fi\\\/wp-content\\\/uploads\\\/2023\\\/03\\\/huskyretki.jpg\",\"image_position\":\"center-center\",\"image_size\":\"cover\",\"media_overlay\":\"rgba(0, 0, 0, 0.12)\",\"style\":\"default\",\"text_color\":\"light\",\"title_breakpoint\":\"xl\",\"title_position\":\"top-left\",\"title_rotation\":\"left\",\"vertical_align\":\"middle\",\"width\":\"default\"},\"children\":[{\"type\":\"row\",\"children\":[{\"type\":\"column\",\"props\":{\"image_position\":\"center-center\",\"media_overlay_gradient\":\"\",\"position_sticky_breakpoint\":\"m\",\"width_medium\":\"\"},\"children\":[{\"type\":\"headline\",\"props\":{\"content\":\"BIENVENUE\",\"margin_remove_bottom\":true,\"text_align\":\"right\",\"text_align_breakpoint\":\"m\",\"text_align_fallback\":\"center\",\"title_element\":\"h5\",\"title_style\":\"h3\"}},{\"type\":\"headline\",\"props\":{\"block_align\":\"right\",\"block_align_breakpoint\":\"m\",\"block_align_fallback\":\"center\",\"content\":\"POUR VOS \",\"margin_remove_top\":true,\"maxwidth\":\"2xlarge\",\"maxwidth_breakpoint\":\"m\",\"text_align\":\"right\",\"text_align_breakpoint\":\"m\",\"text_align_fallback\":\"center\",\"title_element\":\"h1\",\"title_style\":\"heading-2xlarge\"}},{\"type\":\"headline\",\"props\":{\"animation\":\"parallax\",\"block_align\":\"right\",\"block_align_breakpoint\":\"m\",\"block_align_fallback\":\"center\",\"content\":\"VACANCES DE R\\u00caVE!\",\"maxwidth\":\"2xlarge\",\"maxwidth_breakpoint\":\"m\",\"parallax_y\":\"-100,-20\",\"text_align\":\"left\",\"text_align_breakpoint\":\"m\",\"text_align_fallback\":\"center\",\"title_element\":\"h1\",\"title_style\":\"heading-small\"}}]}]}]},{\"type\":\"section\",\"props\":{\"image\":\"https:\\\/\\\/www.rukaadventures.fi\\\/wp-content\\\/uploads\\\/2023\\\/04\\\/revontulet-ruka.jpg\",\"image_effect\":\"fixed\",\"image_loading\":true,\"image_position\":\"center-center\",\"image_size\":\"cover\",\"preserve_color\":true,\"style\":\"secondary\",\"title_breakpoint\":\"xl\",\"title_position\":\"top-left\",\"title_rotation\":\"left\",\"vertical_align\":\"middle\",\"width\":\"default\"},\"children\":[{\"type\":\"row\",\"children\":[{\"type\":\"column\",\"props\":{\"image_position\":\"center-center\",\"media_overlay_gradient\":\"\",\"position_sticky_breakpoint\":\"m\",\"text_color\":\"light\"},\"children\":[{\"type\":\"headline\",\"props\":{\"block_align\":\"center\",\"content\":\"A Ruka Adventures, nous vous accompagnons pour une inoubliable exp\\u00e9rience \\u00e0 Ruka toute l\\u2019ann\\u00e9e.\",\"margin\":\"large\",\"maxwidth\":\"xlarge\",\"text_align\":\"center\",\"title_element\":\"h2\",\"title_style\":\"h2\"}}]}]},{\"type\":\"row\",\"children\":[{\"type\":\"column\",\"props\":{\"image_position\":\"center-center\",\"media_overlay_gradient\":\"\",\"position_sticky_breakpoint\":\"m\"},\"children\":[{\"name\":\"program grid uusi\",\"type\":\"grid\",\"children\":[{\"type\":\"grid_item\",\"props\":{\"content\":\"Il y aura un tour de chauffe, des qualifications et une grande finale\",\"image\":\"wp-content\\\/uploads\\\/2023\\\/02\\\/kartingrata.jpg\",\"image_alt\":\"\",\"link\":\"ice-karting\\\/\",\"meta\":\"Dur\\u00e9e : 1 Heure\",\"title\":\"Course de Karting sur glace\"}},{\"type\":\"grid_item\",\"props\":{\"content\":\"Le safari \\u2013 Paysages de Laponie est un de nos plus populaire et parfait pour les familles et les d\\u00e9butants.\",\"image\":\"wp-content\\\/uploads\\\/2023\\\/02\\\/snowmobilesafari-happy-people.jpg\",\"image_alt\":\"Aurora_snowmobile\",\"link\":\"scenery-safari\\\/\",\"meta\":\"Dur\\u00e9e environ 3 Heures\",\"title\":\"Safari Motoneige \\u2013 Paysages De Laponie\"}},{\"type\":\"grid_item\",\"props\":{\"content\":\"Le plaisir d\\u2019un parcours de 10km avec les chiens de traineaux\",\"image\":\"wp-content\\\/uploads\\\/2023\\\/02\\\/smiling-huskies.jpg\",\"link\":\"https:\\\/\\\/www.rukaadventures.fi\\\/visit-to-husky-farm-and-10-km-ride\\\/\",\"meta\":\"Duree environ 2,5 heures\",\"title\":\"Aventure Au Avec Les Chiens De Traineaux\"}},{\"type\":\"grid_item\",\"props\":{\"content\":\"La route traverse des paysages magnifiques. Si vous \\u00eates chanceux pour pourrez voir des aurores bor\\u00e9ales.\\n\",\"image\":\"https:\\\/\\\/www.rukaadventures.fi\\\/wp-content\\\/uploads\\\/2023\\\/02\\\/Aurora_snowmobile-1.jpg\",\"link\":\"https:\\\/\\\/www.rukaadventures.fi\\\/winter-programs\\\/reindeer-husky-programs\\\/\",\"meta\":\"Dur\\u00e9e environ 2 Heures\",\"title\":\"Safari Motoneige \\u2013 A La Recherche Des Aurores Bor\\u00e9ales\"}},{\"type\":\"grid_item\",\"props\":{\"content\":\"Durant ce safari vous appr\\u00e9cierez les sensations combin\\u00e9es de la motoneige, des chiens de traineaux et des rennes\",\"image\":\"wp-content\\\/uploads\\\/2023\\\/02\\\/Snowmobile-Safari-to-Reindeer.jpg\",\"link\":\"https:\\\/\\\/www.rukaadventures.fi\\\/snowmobile-safari-to-reindeer-farm\\\/\",\"meta\":\"Dur\\u00e9e 3h\",\"title\":\"Safari Motoneige Vers La Ferme  Des Rennes\"}},{\"type\":\"grid_item\",\"props\":{\"content\":\"Transfert en voiture vers la ferme des rennes, vous serez accueillis par l\\u2019\\u00e9leveur et ses rennes. Vous appr\\u00e9cierez une boucle d\\u2019environ 300m dans un traineau tir\\u00e9 par les rennes\\n\",\"image\":\"https:\\\/\\\/www.rukaadventures.fi\\\/wp-content\\\/uploads\\\/2023\\\/02\\\/visit-to-reindeer-farm.jpg\",\"image_alt\":\"Aurora_client\",\"link\":\"https:\\\/\\\/www.rukaadventures.fi\\\/visit-to-reindeer-farm-and-reindeer-sledge-ride\\\/\",\"meta\":\"Dur\\u00e9e environ 2h avec le transport\",\"title\":\"Visite \\u00c0 La Ferme Des Rennes\"}},{\"type\":\"grid_item\",\"props\":{\"content\":\"Ce safari \\u00e0 la journ\\u00e9e vous am\\u00e8ne dans les vastes espaces vers la fronti\\u00e8re Russe.Il convient pour les conducteurs avec de l\\u2019exp\\u00e9rience de la conduite des motoneiges\\n\",\"image\":\"https:\\\/\\\/www.rukaadventures.fi\\\/wp-content\\\/uploads\\\/2023\\\/02\\\/arctic-snowmobilesafari2.jpg\",\"link\":\"https:\\\/\\\/www.rukaadventures.fi\\\/eastern-border-safari\\\/\",\"meta\":\"Dur\\u00e9e environ 6 Heures\",\"title\":\"Safari Motoneige \\u2013 Vers La Fronti\\u00e8re Russe\"}},{\"type\":\"grid_item\",\"props\":{\"content\":\"Balade en raquettes adapt\\u00e9e aux familles. Le parc national d\\u2019Oulanka est connu pour ses paysages impressionnants et ses cascades..\\n\",\"image\":\"https:\\\/\\\/www.rukaadventures.fi\\\/wp-content\\\/uploads\\\/2023\\\/02\\\/snowshoe.jpg\",\"link\":\"https:\\\/\\\/www.rukaadventures.fi\\\/snowshoeing-trip-to-oulanka-national-park\\\/\",\"meta\":\"Dur\\u00e9e 2 Heures \\u2013 marche en raquettes d\\u2019environ 2 km\",\"title\":\"Balade En Raquettes Dans Le Parc National D\\u2019oulanka\"}}],\"props\":{\"content_column_breakpoint\":\"m\",\"content_margin\":\"small\",\"filter_align\":\"left\",\"filter_all\":true,\"filter_grid_breakpoint\":\"m\",\"filter_grid_width\":\"auto\",\"filter_position\":\"top\",\"filter_style\":\"tab\",\"grid_column_align\":true,\"grid_default\":\"1\",\"grid_medium\":\"3\",\"grid_small\":\"2\",\"icon_width\":80,\"image_align\":\"top\",\"image_grid_breakpoint\":\"m\",\"image_grid_width\":\"1-2\",\"image_height\":\"600\",\"image_link\":true,\"image_loading\":true,\"image_svg_color\":\"emphasis\",\"image_width\":\"900\",\"item_animation\":true,\"link_style\":\"text\",\"link_text\":\"R\\u00c9SERVEZ ICI\",\"margin\":\"remove-vertical\",\"meta_align\":\"below-title\",\"meta_element\":\"div\",\"meta_style\":\"text-meta\",\"panel_image_no_padding\":true,\"panel_link\":true,\"panel_padding\":\"default\",\"panel_style\":\"card-default\",\"parallax_easing\":\"1\",\"show_content\":true,\"show_image\":true,\"show_link\":true,\"show_meta\":true,\"show_title\":true,\"title_align\":\"top\",\"title_color\":\"primary\",\"title_element\":\"h2\",\"title_font_family\":\"tertiary\",\"title_grid_breakpoint\":\"m\",\"title_grid_width\":\"1-2\",\"title_hover_style\":\"reset\",\"title_link\":true,\"title_margin\":\"small\",\"title_style\":\"h2\"}}]}]}]}],\"version\":\"3.0.29\"} --><\/p>\n","protected":false},"excerpt":{"rendered":"<p>BIENVENUE POUR VOS VACANCES DE R\u00caVE! A Ruka Adventures, nous vous accompagnons pour une inoubliable exp\u00e9rience \u00e0 Ruka toute l\u2019ann\u00e9e. Course de Karting sur glace Dur\u00e9e : 1 Heure Il y aura un tour de chauffe, des qualifications et une grande finale R\u00c9SERVEZ ICI Safari Motoneige \u2013 Paysages De Laponie Dur\u00e9e environ 3 Heures Le [&hellip;]<\/p>\n","protected":false},"author":1,"featured_media":1178,"parent":0,"menu_order":0,"comment_status":"closed","ping_status":"closed","template":"","meta":{"cybocfi_hide_featured_image":"","footnotes":""},"class_list":["post-1561","page","type-page","status-publish","has-post-thumbnail","hentry"],"yoast_head":"<!-- This site is optimized with the Yoast SEO plugin v27.4 - https:\/\/yoast.com\/product\/yoast-seo-wordpress\/ -->\n<title>Services du programme d&#039;hiver - Ruka Adventures<\/title>\n<meta name=\"robots\" content=\"index, follow, max-snippet:-1, max-image-preview:large, max-video-preview:-1\" \/>\n<link rel=\"canonical\" href=\"https:\/\/www.rukaadventures.fi\/fr\/\" \/>\n<meta property=\"og:locale\" content=\"fr_FR\" \/>\n<meta property=\"og:type\" content=\"article\" \/>\n<meta property=\"og:title\" content=\"Services du programme d&#039;hiver - Ruka Adventures\" \/>\n<meta property=\"og:description\" content=\"BIENVENUE POUR VOS VACANCES DE R\u00caVE! A Ruka Adventures, nous vous accompagnons pour une inoubliable exp\u00e9rience \u00e0 Ruka toute l\u2019ann\u00e9e. Course de Karting sur glace Dur\u00e9e : 1 Heure Il y aura un tour de chauffe, des qualifications et une grande finale R\u00c9SERVEZ ICI Safari Motoneige \u2013 Paysages De Laponie Dur\u00e9e environ 3 Heures Le [&hellip;]\" \/>\n<meta property=\"og:url\" content=\"https:\/\/www.rukaadventures.fi\/fr\/\" \/>\n<meta property=\"og:site_name\" content=\"Ruka Adventures\" \/>\n<meta property=\"article:publisher\" content=\"http:\/\/www.facebook.com\/rukaadventures\" \/>\n<meta property=\"article:modified_time\" content=\"2023-04-19T06:20:40+00:00\" \/>\n<meta property=\"og:image\" content=\"https:\/\/www.rukaadventures.fi\/wp-content\/uploads\/2023\/02\/huskysafari.jpg\" \/>\n\t<meta property=\"og:image:width\" content=\"2000\" \/>\n\t<meta property=\"og:image:height\" content=\"1333\" \/>\n\t<meta property=\"og:image:type\" content=\"image\/jpeg\" \/>\n<meta name=\"twitter:card\" content=\"summary_large_image\" \/>\n<meta name=\"twitter:label1\" content=\"Dur\u00e9e de lecture estim\u00e9e\" \/>\n\t<meta name=\"twitter:data1\" content=\"4 minutes\" \/>\n<script type=\"application\/ld+json\" class=\"yoast-schema-graph\">{\"@context\":\"https:\\\/\\\/schema.org\",\"@graph\":[{\"@type\":\"WebPage\",\"@id\":\"https:\\\/\\\/www.rukaadventures.fi\\\/fr\\\/\",\"url\":\"https:\\\/\\\/www.rukaadventures.fi\\\/fr\\\/\",\"name\":\"Services du programme d'hiver - Ruka Adventures\",\"isPartOf\":{\"@id\":\"https:\\\/\\\/www.rukaadventures.fi\\\/fr\\\/#website\"},\"primaryImageOfPage\":{\"@id\":\"https:\\\/\\\/www.rukaadventures.fi\\\/fr\\\/#primaryimage\"},\"image\":{\"@id\":\"https:\\\/\\\/www.rukaadventures.fi\\\/fr\\\/#primaryimage\"},\"thumbnailUrl\":\"https:\\\/\\\/www.rukaadventures.fi\\\/wp-content\\\/uploads\\\/2023\\\/02\\\/huskysafari.jpg\",\"datePublished\":\"2023-02-23T07:44:18+00:00\",\"dateModified\":\"2023-04-19T06:20:40+00:00\",\"breadcrumb\":{\"@id\":\"https:\\\/\\\/www.rukaadventures.fi\\\/fr\\\/#breadcrumb\"},\"inLanguage\":\"fr-FR\",\"potentialAction\":[{\"@type\":\"ReadAction\",\"target\":[\"https:\\\/\\\/www.rukaadventures.fi\\\/fr\\\/\"]}]},{\"@type\":\"ImageObject\",\"inLanguage\":\"fr-FR\",\"@id\":\"https:\\\/\\\/www.rukaadventures.fi\\\/fr\\\/#primaryimage\",\"url\":\"https:\\\/\\\/www.rukaadventures.fi\\\/wp-content\\\/uploads\\\/2023\\\/02\\\/huskysafari.jpg\",\"contentUrl\":\"https:\\\/\\\/www.rukaadventures.fi\\\/wp-content\\\/uploads\\\/2023\\\/02\\\/huskysafari.jpg\",\"width\":2000,\"height\":1333},{\"@type\":\"BreadcrumbList\",\"@id\":\"https:\\\/\\\/www.rukaadventures.fi\\\/fr\\\/#breadcrumb\",\"itemListElement\":[{\"@type\":\"ListItem\",\"position\":1,\"name\":\"Etusivu\",\"item\":\"https:\\\/\\\/www.rukaadventures.fi\\\/fr\\\/services-du-programme-dhiver\\\/\"},{\"@type\":\"ListItem\",\"position\":2,\"name\":\"Services du programme d&rsquo;hiver\"}]},{\"@type\":\"WebSite\",\"@id\":\"https:\\\/\\\/www.rukaadventures.fi\\\/fr\\\/#website\",\"url\":\"https:\\\/\\\/www.rukaadventures.fi\\\/fr\\\/\",\"name\":\"Ruka Adventures\",\"description\":\"\",\"publisher\":{\"@id\":\"https:\\\/\\\/www.rukaadventures.fi\\\/fr\\\/#organization\"},\"alternateName\":\"Welcome to holiday adventure of your dreams\",\"potentialAction\":[{\"@type\":\"SearchAction\",\"target\":{\"@type\":\"EntryPoint\",\"urlTemplate\":\"https:\\\/\\\/www.rukaadventures.fi\\\/fr\\\/?s={search_term_string}\"},\"query-input\":{\"@type\":\"PropertyValueSpecification\",\"valueRequired\":true,\"valueName\":\"search_term_string\"}}],\"inLanguage\":\"fr-FR\"},{\"@type\":\"Organization\",\"@id\":\"https:\\\/\\\/www.rukaadventures.fi\\\/fr\\\/#organization\",\"name\":\"Ruka Adventures\",\"alternateName\":\"Welcome to holiday adventure of your dreams\",\"url\":\"https:\\\/\\\/www.rukaadventures.fi\\\/fr\\\/\",\"logo\":{\"@type\":\"ImageObject\",\"inLanguage\":\"fr-FR\",\"@id\":\"https:\\\/\\\/www.rukaadventures.fi\\\/fr\\\/#\\\/schema\\\/logo\\\/image\\\/\",\"url\":\"https:\\\/\\\/www.rukaadventures.fi\\\/wp-content\\\/uploads\\\/2025\\\/06\\\/ra-logo-nelio.png\",\"contentUrl\":\"https:\\\/\\\/www.rukaadventures.fi\\\/wp-content\\\/uploads\\\/2025\\\/06\\\/ra-logo-nelio.png\",\"width\":500,\"height\":500,\"caption\":\"Ruka Adventures\"},\"image\":{\"@id\":\"https:\\\/\\\/www.rukaadventures.fi\\\/fr\\\/#\\\/schema\\\/logo\\\/image\\\/\"},\"sameAs\":[\"http:\\\/\\\/www.facebook.com\\\/rukaadventures\",\"http:\\\/\\\/instagram.com\\\/rukaadventures\",\"https:\\\/\\\/www.tripadvisor.fi\\\/Attraction_Review-g189928-d2225322-Reviews-Ruka_Adventures_Day_Tours-Kuusamo_Northern_Ostrobothnia.html\"]}]}<\/script>\n<!-- \/ Yoast SEO plugin. -->","yoast_head_json":{"title":"Services du programme d'hiver - Ruka Adventures","robots":{"index":"index","follow":"follow","max-snippet":"max-snippet:-1","max-image-preview":"max-image-preview:large","max-video-preview":"max-video-preview:-1"},"canonical":"https:\/\/www.rukaadventures.fi\/fr\/","og_locale":"fr_FR","og_type":"article","og_title":"Services du programme d'hiver - Ruka Adventures","og_description":"BIENVENUE POUR VOS VACANCES DE R\u00caVE! A Ruka Adventures, nous vous accompagnons pour une inoubliable exp\u00e9rience \u00e0 Ruka toute l\u2019ann\u00e9e. Course de Karting sur glace Dur\u00e9e : 1 Heure Il y aura un tour de chauffe, des qualifications et une grande finale R\u00c9SERVEZ ICI Safari Motoneige \u2013 Paysages De Laponie Dur\u00e9e environ 3 Heures Le [&hellip;]","og_url":"https:\/\/www.rukaadventures.fi\/fr\/","og_site_name":"Ruka Adventures","article_publisher":"http:\/\/www.facebook.com\/rukaadventures","article_modified_time":"2023-04-19T06:20:40+00:00","og_image":[{"width":2000,"height":1333,"url":"https:\/\/www.rukaadventures.fi\/wp-content\/uploads\/2023\/02\/huskysafari.jpg","type":"image\/jpeg"}],"twitter_card":"summary_large_image","twitter_misc":{"Dur\u00e9e de lecture estim\u00e9e":"4 minutes"},"schema":{"@context":"https:\/\/schema.org","@graph":[{"@type":"WebPage","@id":"https:\/\/www.rukaadventures.fi\/fr\/","url":"https:\/\/www.rukaadventures.fi\/fr\/","name":"Services du programme d'hiver - Ruka Adventures","isPartOf":{"@id":"https:\/\/www.rukaadventures.fi\/fr\/#website"},"primaryImageOfPage":{"@id":"https:\/\/www.rukaadventures.fi\/fr\/#primaryimage"},"image":{"@id":"https:\/\/www.rukaadventures.fi\/fr\/#primaryimage"},"thumbnailUrl":"https:\/\/www.rukaadventures.fi\/wp-content\/uploads\/2023\/02\/huskysafari.jpg","datePublished":"2023-02-23T07:44:18+00:00","dateModified":"2023-04-19T06:20:40+00:00","breadcrumb":{"@id":"https:\/\/www.rukaadventures.fi\/fr\/#breadcrumb"},"inLanguage":"fr-FR","potentialAction":[{"@type":"ReadAction","target":["https:\/\/www.rukaadventures.fi\/fr\/"]}]},{"@type":"ImageObject","inLanguage":"fr-FR","@id":"https:\/\/www.rukaadventures.fi\/fr\/#primaryimage","url":"https:\/\/www.rukaadventures.fi\/wp-content\/uploads\/2023\/02\/huskysafari.jpg","contentUrl":"https:\/\/www.rukaadventures.fi\/wp-content\/uploads\/2023\/02\/huskysafari.jpg","width":2000,"height":1333},{"@type":"BreadcrumbList","@id":"https:\/\/www.rukaadventures.fi\/fr\/#breadcrumb","itemListElement":[{"@type":"ListItem","position":1,"name":"Etusivu","item":"https:\/\/www.rukaadventures.fi\/fr\/services-du-programme-dhiver\/"},{"@type":"ListItem","position":2,"name":"Services du programme d&rsquo;hiver"}]},{"@type":"WebSite","@id":"https:\/\/www.rukaadventures.fi\/fr\/#website","url":"https:\/\/www.rukaadventures.fi\/fr\/","name":"Ruka Adventures","description":"","publisher":{"@id":"https:\/\/www.rukaadventures.fi\/fr\/#organization"},"alternateName":"Welcome to holiday adventure of your dreams","potentialAction":[{"@type":"SearchAction","target":{"@type":"EntryPoint","urlTemplate":"https:\/\/www.rukaadventures.fi\/fr\/?s={search_term_string}"},"query-input":{"@type":"PropertyValueSpecification","valueRequired":true,"valueName":"search_term_string"}}],"inLanguage":"fr-FR"},{"@type":"Organization","@id":"https:\/\/www.rukaadventures.fi\/fr\/#organization","name":"Ruka Adventures","alternateName":"Welcome to holiday adventure of your dreams","url":"https:\/\/www.rukaadventures.fi\/fr\/","logo":{"@type":"ImageObject","inLanguage":"fr-FR","@id":"https:\/\/www.rukaadventures.fi\/fr\/#\/schema\/logo\/image\/","url":"https:\/\/www.rukaadventures.fi\/wp-content\/uploads\/2025\/06\/ra-logo-nelio.png","contentUrl":"https:\/\/www.rukaadventures.fi\/wp-content\/uploads\/2025\/06\/ra-logo-nelio.png","width":500,"height":500,"caption":"Ruka Adventures"},"image":{"@id":"https:\/\/www.rukaadventures.fi\/fr\/#\/schema\/logo\/image\/"},"sameAs":["http:\/\/www.facebook.com\/rukaadventures","http:\/\/instagram.com\/rukaadventures","https:\/\/www.tripadvisor.fi\/Attraction_Review-g189928-d2225322-Reviews-Ruka_Adventures_Day_Tours-Kuusamo_Northern_Ostrobothnia.html"]}]}},"_links":{"self":[{"href":"https:\/\/www.rukaadventures.fi\/fr\/wp-json\/wp\/v2\/pages\/1561","targetHints":{"allow":["GET"]}}],"collection":[{"href":"https:\/\/www.rukaadventures.fi\/fr\/wp-json\/wp\/v2\/pages"}],"about":[{"href":"https:\/\/www.rukaadventures.fi\/fr\/wp-json\/wp\/v2\/types\/page"}],"author":[{"embeddable":true,"href":"https:\/\/www.rukaadventures.fi\/fr\/wp-json\/wp\/v2\/users\/1"}],"replies":[{"embeddable":true,"href":"https:\/\/www.rukaadventures.fi\/fr\/wp-json\/wp\/v2\/comments?post=1561"}],"version-history":[{"count":24,"href":"https:\/\/www.rukaadventures.fi\/fr\/wp-json\/wp\/v2\/pages\/1561\/revisions"}],"predecessor-version":[{"id":1610,"href":"https:\/\/www.rukaadventures.fi\/fr\/wp-json\/wp\/v2\/pages\/1561\/revisions\/1610"}],"wp:featuredmedia":[{"embeddable":true,"href":"https:\/\/www.rukaadventures.fi\/fr\/wp-json\/wp\/v2\/media\/1178"}],"wp:attachment":[{"href":"https:\/\/www.rukaadventures.fi\/fr\/wp-json\/wp\/v2\/media?parent=1561"}],"curies":[{"name":"wp","href":"https:\/\/api.w.org\/{rel}","templated":true}]}}